{"id":67,"date":"2018-03-05T17:56:45","date_gmt":"2018-03-05T15:56:45","guid":{"rendered":"http:\/\/www.enrutagirona.cat\/?page_id=67"},"modified":"2025-03-04T20:37:23","modified_gmt":"2025-03-04T18:37:23","slug":"inici","status":"publish","type":"page","link":"https:\/\/www.enrutagirona.cat\/es\/","title":{"rendered":"Bienvenidos a EN RUTA GIRONA<br><br><img src=\"https:\/\/www.enrutagirona.cat\/wp-content\/uploads\/2022\/06\/polaroid.jpg\">"},"content":{"rendered":"<p><strong>EN RUTA GIRONA<\/strong> es una empresa de turismo activo que organiza excursiones y guiajes en senderismo interpretativo en la Garrotxa y su entorno, y que ofrece un servicio de asesoramiento en gesti\u00f3n y comunicaci\u00f3n. Por un lado, es una propuesta que pone al alcance de todos los recursos naturales y tur\u00edsticos de la Garrotxa, poniendo especial atenci\u00f3n en aquellas actividades tur\u00edsticas que respetan y cuidan de nuestro entorno natural, hist\u00f3rico y social para no comprometerlo en el futuro; y por otro lado asesora a distintas entidades en la organizaci\u00f3n de juntas, asambleas y eventos diversos, haciendo un seguimiento del cumplimiento de los acuerdos.<\/p>\r\n<p>Los guiajes interpretativos en senderismo que ofrecemos son actividades que combinan el slow travel y el turismo responsable, en la medida que evitan la masificaci\u00f3n de los espacios y la estacionalizaci\u00f3n de la actividad tur\u00edstica, al tiempo que permiten disfrutar del territorio de forma tranquila y sin prisas, potenciando la econom\u00eda local y las actividades respetuosas con el medio ambiente.<\/p>\r\n<p>Os invitamos a practicar el senderismo, y juntos exploraremos y descubriremos los lugares m\u00e1s escondidos y aut\u00e9nticos de la regi\u00f3n volc\u00e1nica de la Costa Brava y del Pirineo de Girona: la Garrotxa!<\/p>\r\n\r\n<p>&nbsp;<\/p>\r\n","protected":false},"excerpt":{"rendered":"<p>EN RUTA GIRONA es una empresa de turismo activo que organiza excursiones y guiajes en senderismo interpretativo en la Garrotxa y su entorno, y que ofrece un servicio de asesoramiento en gesti\u00f3n y comunicaci\u00f3n. Por un lado, es una propuesta que pone al alcance de todos los recursos naturales y tur\u00edsticos de la Garrotxa, poniendo &hellip; <\/p>\n<p class=\"link-more\"><a href=\"https:\/\/www.enrutagirona.cat\/es\/\" class=\"more-link\">Continuar leyendo<span class=\"screen-reader-text\"> \u00abBienvenidos a EN RUTA GIRONA<\/p>\n<p><img decoding=\"async\" src=\"https:\/\/www.enrutagirona.cat\/wp-content\/uploads\/2022\/06\/polaroid.jpg\">\u00ab<\/span><\/a><\/p>\n","protected":false},"author":1,"featured_media":0,"parent":0,"menu_order":1,"comment_status":"closed","ping_status":"closed","template":"","meta":{"_monsterinsights_skip_tracking":false,"_monsterinsights_sitenote_active":false,"_monsterinsights_sitenote_note":"","_monsterinsights_sitenote_category":0,"footnotes":""},"class_list":["post-67","page","type-page","status-publish","hentry"],"aioseo_notices":[],"_links":{"self":[{"href":"https:\/\/www.enrutagirona.cat\/es\/wp-json\/wp\/v2\/pages\/67","targetHints":{"allow":["GET"]}}],"collection":[{"href":"https:\/\/www.enrutagirona.cat\/es\/wp-json\/wp\/v2\/pages"}],"about":[{"href":"https:\/\/www.enrutagirona.cat\/es\/wp-json\/wp\/v2\/types\/page"}],"author":[{"embeddable":true,"href":"https:\/\/www.enrutagirona.cat\/es\/wp-json\/wp\/v2\/users\/1"}],"replies":[{"embeddable":true,"href":"https:\/\/www.enrutagirona.cat\/es\/wp-json\/wp\/v2\/comments?post=67"}],"version-history":[{"count":0,"href":"https:\/\/www.enrutagirona.cat\/es\/wp-json\/wp\/v2\/pages\/67\/revisions"}],"wp:attachment":[{"href":"https:\/\/www.enrutagirona.cat\/es\/wp-json\/wp\/v2\/media?parent=67"}],"curies":[{"name":"wp","href":"https:\/\/api.w.org\/{rel}","templated":true}]}}