{"id":567,"date":"2018-03-11T19:08:31","date_gmt":"2018-03-11T17:08:31","guid":{"rendered":"http:\/\/www.enrutagirona.cat\/?page_id=567"},"modified":"2025-08-24T23:14:12","modified_gmt":"2025-08-24T21:14:12","slug":"turisme-inclusiu-bicicletes-joelette","status":"publish","type":"page","link":"https:\/\/www.enrutagirona.cat\/es\/compromis-socioambiental\/turisme-inclusiu-bicicletes-joelette\/","title":{"rendered":"Turismo inclusivo: somos accesibles<br><iframe allow=\"autoplay; encrypted-media\" allowfullscreen=\"\" frameborder=\"0\" height=\"220\" src=\"https:\/\/www.youtube-nocookie.com\/embed\/g1G0QFSFplI?rel=0&#038;controls=0&#038;showinfo=0&#038;start=4\"><\/iframe><FONT SIZE=1>FUENTE: Jo\u00eblette and Co<\/font>"},"content":{"rendered":"<p><strong>EN RUTA GIRONA <\/strong>quiere que continu\u00e9is haciendo lo que os apetezca. Y si dese\u00e1is hacer turismo no queremos que ning\u00fan tipo de diversidad funcional o discapacidad sea un impedimento.<\/p>\n<p>Muchas de nuestras salidas tienen una dificultad baja, y muchas se pueden readaptar cambiando el recorrido propuesto para hacerlas m\u00e1s accesibles. Adem\u00e1s, afortunadamente, el territorio est\u00e1 haciendo grandes esfuerzos para ser cada d\u00eda m\u00e1s un destino inclusivo y cada vez hay m\u00e1s los recursos tur\u00edsticos adaptados.<\/p>\n<p>Y si os asusta la movilidad en una comarca de monta\u00f1a, deb\u00e9is saber que a iniciativa del Patronat de Turisme Costa Brava i Pirineu de Girona y en colaboraci\u00f3n con el Parque Natural de la Zona Volc\u00e1nica de la Garrotxa, las actividades acreditadas con la carta europea del turismo sostenible (CETS) podemos disponer de una silla Jo\u00eblette.<\/p>\n<p>La silla Jo\u00eblette es una silla todo terreno de una rueda que permite hacer senderismo y otras actividades de ocio en el medio natural y llegar all\u00ed donde una silla de ruedas cl\u00e1sica no puede llegar. Adem\u00e1s, favorece el disfrute, el conocimiento, la confianza y la resiliencia del visitante. Con una formaci\u00f3n previa de 15 minutos, el gu\u00eda y los acompa\u00f1antes aprender\u00e1n a utilizarla sin problemas: el integrante del grupo que vaya detr\u00e1s asegura el equilibrio mientras que el integrante del grupo que vaya delante se encarga de la tracci\u00f3n y la direcci\u00f3n. Si desean m\u00e1s informaci\u00f3n, pueden visitar la p\u00e1gina oficial de <em><strong><span style=\"color: #328232;\"><a style=\"color: #328232;\" href=\"https:\/\/www.joeletteandco.com\/es\/project\/joelette-adventure-es\/\" target=\"_blank\" rel=\"noopener noreferrer\">Jo\u00eblette and Co<\/a><\/span><\/strong><\/em>.<\/p>\n<p>Si os interesa poder disponer de la bicicleta Jo\u00eblette, s\u00f3lo ten\u00e9is que elegir una actividad y pedirnos que solicitaremos la cesi\u00f3n al Parque Natural de la Zona Volc\u00e1nica de la Garrotxa.<\/p>\n<hr \/>\n<p>Si necesit\u00e1is m\u00e1s informaci\u00f3n sobre nuestros servicios o quer\u00e9is comentarnos vuestras necesidades, no dud\u00e9is en <strong><span style=\"color: #328232;\"><a style=\"color: #328232;\" href=\"http:\/\/www.enrutagirona.cat\/es\/contacte-i-feedback\/\">contactar<\/a><\/span><\/strong> con nosotros.<\/p>\n","protected":false},"excerpt":{"rendered":"<p>EN RUTA GIRONA quiere que continu\u00e9is haciendo lo que os apetezca. Y si dese\u00e1is hacer turismo no queremos que ning\u00fan tipo de diversidad funcional o discapacidad sea un impedimento. Muchas de nuestras salidas tienen una dificultad baja, y muchas se pueden readaptar cambiando el recorrido propuesto para hacerlas m\u00e1s accesibles. Adem\u00e1s, afortunadamente, el territorio est\u00e1 &hellip; <\/p>\n<p class=\"link-more\"><a href=\"https:\/\/www.enrutagirona.cat\/es\/compromis-socioambiental\/turisme-inclusiu-bicicletes-joelette\/\" class=\"more-link\">Continuar leyendo<span class=\"screen-reader-text\"> \u00abTurismo inclusivo: somos accesibles<br \/><iframe allow=\"autoplay; encrypted-media\" allowfullscreen=\"\" frameborder=\"0\" height=\"220\" src=\"https:\/\/www.youtube-nocookie.com\/embed\/g1G0QFSFplI?rel=0&#038;controls=0&#038;showinfo=0&#038;start=4\"><\/iframe><FONT SIZE=1>FUENTE: Jo\u00eblette and Co<\/font>\u00ab<\/span><\/a><\/p>\n","protected":false},"author":1,"featured_media":569,"parent":120,"menu_order":8,"comment_status":"closed","ping_status":"closed","template":"","meta":{"_monsterinsights_skip_tracking":false,"_monsterinsights_sitenote_active":false,"_monsterinsights_sitenote_note":"","_monsterinsights_sitenote_category":0,"footnotes":""},"class_list":["post-567","page","type-page","status-publish","has-post-thumbnail","hentry"],"aioseo_notices":[],"_links":{"self":[{"href":"https:\/\/www.enrutagirona.cat\/es\/wp-json\/wp\/v2\/pages\/567","targetHints":{"allow":["GET"]}}],"collection":[{"href":"https:\/\/www.enrutagirona.cat\/es\/wp-json\/wp\/v2\/pages"}],"about":[{"href":"https:\/\/www.enrutagirona.cat\/es\/wp-json\/wp\/v2\/types\/page"}],"author":[{"embeddable":true,"href":"https:\/\/www.enrutagirona.cat\/es\/wp-json\/wp\/v2\/users\/1"}],"replies":[{"embeddable":true,"href":"https:\/\/www.enrutagirona.cat\/es\/wp-json\/wp\/v2\/comments?post=567"}],"version-history":[{"count":3,"href":"https:\/\/www.enrutagirona.cat\/es\/wp-json\/wp\/v2\/pages\/567\/revisions"}],"predecessor-version":[{"id":1591,"href":"https:\/\/www.enrutagirona.cat\/es\/wp-json\/wp\/v2\/pages\/567\/revisions\/1591"}],"up":[{"embeddable":true,"href":"https:\/\/www.enrutagirona.cat\/es\/wp-json\/wp\/v2\/pages\/120"}],"wp:featuredmedia":[{"embeddable":true,"href":"https:\/\/www.enrutagirona.cat\/es\/wp-json\/wp\/v2\/media\/569"}],"wp:attachment":[{"href":"https:\/\/www.enrutagirona.cat\/es\/wp-json\/wp\/v2\/media?parent=567"}],"curies":[{"name":"wp","href":"https:\/\/api.w.org\/{rel}","templated":true}]}}