{"id":146,"date":"2018-03-06T00:21:05","date_gmt":"2018-03-05T22:21:05","guid":{"rendered":"http:\/\/www.enrutagirona.cat\/?page_id=146"},"modified":"2020-10-19T19:54:14","modified_gmt":"2020-10-19T17:54:14","slug":"la-garrotxa","status":"publish","type":"page","link":"https:\/\/www.enrutagirona.cat\/es\/compromis-socioambiental\/la-garrotxa\/","title":{"rendered":"La Garrotxa<br><iframe allow=\"autoplay; encrypted-media\" allowfullscreen=\"\" frameborder=\"0\" height=\"220\" src=\"https:\/\/www.youtube-nocookie.com\/embed\/rR_gdJWBv6w?rel=0&#038;controls=0&#038;showinfo=0&#038;start=0;end=22\"><\/iframe><FONT SIZE=1>FUENTE: Turisme Garrotxa<\/font>"},"content":{"rendered":"<p>Quieres conocer la Garrotxa?<\/p>\n<p>Un territorio \u00fanico por descubrir!<\/p>\n<p><img decoding=\"async\" class=\"size-medium wp-image-216\" src=\"http:\/\/www.enrutagirona.cat\/wp-content\/uploads\/2018\/03\/bas-12DESCOBREIX-GEOLOGIA.jpg\" alt=\"Bracons, La Vall d'en Bas,\" width=\"100%\" srcset=\"https:\/\/www.enrutagirona.cat\/wp-content\/uploads\/2018\/03\/bas-12DESCOBREIX-GEOLOGIA.jpg 520w, https:\/\/www.enrutagirona.cat\/wp-content\/uploads\/2018\/03\/bas-12DESCOBREIX-GEOLOGIA-300x144.jpg 300w\" sizes=\"(max-width: 520px) 100vw, 520px\" \/><\/p>\n<p>La Garrotxa es una comarca peculiar del Pirineo de Girona, que se ha convertido en el para\u00edso del turismo rural. Limita al norte con los Pirineos, barrera natural entre la comarca y el Vallespir franc\u00e9s; y al este, en cambio, limita con las llanuras costeras del Empord\u00e0. Es una tierra de transici\u00f3n entre la monta\u00f1a y la llanura, y sorprende por su gran diversidad de paisajes.<\/p>\n<p><img decoding=\"async\" class=\"size-medium wp-image-217\" src=\"http:\/\/www.enrutagirona.cat\/wp-content\/uploads\/2018\/03\/Sallent-08DESCOBREIX-GEOLOGIA.jpg\" alt=\"Salamandra\" width=\"100%\" srcset=\"https:\/\/www.enrutagirona.cat\/wp-content\/uploads\/2018\/03\/Sallent-08DESCOBREIX-GEOLOGIA.jpg 520w, https:\/\/www.enrutagirona.cat\/wp-content\/uploads\/2018\/03\/Sallent-08DESCOBREIX-GEOLOGIA-300x144.jpg 300w\" sizes=\"(max-width: 520px) 100vw, 520px\" \/><\/p>\n<p>El Parque Natural de la Zona Volc\u00e1nica de la Garrotxa es el mejor exponente de paisaje volc\u00e1nico de la pen\u00ednsula Ib\u00e9rica. Tiene m\u00e1s de cuarenta conos volc\u00e1nicos y m\u00e1s de veinte coladas de lava bas\u00e1ltica. La orograf\u00eda, el suelo y el clima proporcionan una variada vegetaci\u00f3n, a menudo exuberante, con encinares y hayedos de excepcional valor paisaj\u00edstico.<\/p>\n<p><img decoding=\"async\" class=\"size-medium wp-image-218\" src=\"http:\/\/www.enrutagirona.cat\/wp-content\/uploads\/2018\/03\/santa-pau-06DESCOBREIX-ART.jpg\" alt=\"Santuari de Santa Maria de Finestres, Mieres\" width=\"100%\" srcset=\"https:\/\/www.enrutagirona.cat\/wp-content\/uploads\/2018\/03\/santa-pau-06DESCOBREIX-ART.jpg 520w, https:\/\/www.enrutagirona.cat\/wp-content\/uploads\/2018\/03\/santa-pau-06DESCOBREIX-ART-300x144.jpg 300w\" sizes=\"(max-width: 520px) 100vw, 520px\" \/><\/p>\n<p>Todo ello hace que la Garrotxa sea el lugar ideal para la pr\u00e1ctica del turismo rural, para disfrutar de la naturaleza, para conocer la huella de la historia y las leyendas, para descubrir ferias y fiestas populares, y para vivir y experimentar una gastronom\u00eda de proximidad y de calidad.<\/p>\n<p><img decoding=\"async\" class=\"size-medium wp-image-221\" src=\"http:\/\/www.enrutagirona.cat\/wp-content\/uploads\/2018\/03\/bas-14D-BAS.jpg\" alt=\"Rucs i someres, Les Preses\" width=\"100%\" srcset=\"https:\/\/www.enrutagirona.cat\/wp-content\/uploads\/2018\/03\/bas-14D-BAS.jpg 520w, https:\/\/www.enrutagirona.cat\/wp-content\/uploads\/2018\/03\/bas-14D-BAS-300x144.jpg 300w\" sizes=\"(max-width: 520px) 100vw, 520px\" \/><\/p>\n<p>Qu\u00e9 esperas a venir?<\/p>\n<br>\n<hr>\n<p>Pod\u00e9is consultar tota la red de transporte p\u00fablico de Catalunya al web&nbsp;<a href=\"http:\/\/mou-te.gencat.cat\/\" target=\"_blank\" rel=\"noreferrer noopener\">http:\/\/mou-te.gencat.cat<\/a>.<\/p>\n\n\n<p><\/p>\n","protected":false},"excerpt":{"rendered":"<p>Quieres conocer la Garrotxa? Un territorio \u00fanico por descubrir! La Garrotxa es una comarca peculiar del Pirineo de Girona, que se ha convertido en el para\u00edso del turismo rural. Limita al norte con los Pirineos, barrera natural entre la comarca y el Vallespir franc\u00e9s; y al este, en cambio, limita con las llanuras costeras del &hellip; <\/p>\n<p class=\"link-more\"><a href=\"https:\/\/www.enrutagirona.cat\/es\/compromis-socioambiental\/la-garrotxa\/\" class=\"more-link\">Continuar leyendo<span class=\"screen-reader-text\"> \u00abLa Garrotxa<br \/><iframe allow=\"autoplay; encrypted-media\" allowfullscreen=\"\" frameborder=\"0\" height=\"220\" src=\"https:\/\/www.youtube-nocookie.com\/embed\/rR_gdJWBv6w?rel=0&#038;controls=0&#038;showinfo=0&#038;start=0;end=22\"><\/iframe><FONT SIZE=1>FUENTE: Turisme Garrotxa<\/font>\u00ab<\/span><\/a><\/p>\n","protected":false},"author":1,"featured_media":177,"parent":120,"menu_order":7,"comment_status":"closed","ping_status":"closed","template":"","meta":{"_monsterinsights_skip_tracking":false,"_monsterinsights_sitenote_active":false,"_monsterinsights_sitenote_note":"","_monsterinsights_sitenote_category":0,"footnotes":""},"class_list":["post-146","page","type-page","status-publish","has-post-thumbnail","hentry"],"aioseo_notices":[],"_links":{"self":[{"href":"https:\/\/www.enrutagirona.cat\/es\/wp-json\/wp\/v2\/pages\/146","targetHints":{"allow":["GET"]}}],"collection":[{"href":"https:\/\/www.enrutagirona.cat\/es\/wp-json\/wp\/v2\/pages"}],"about":[{"href":"https:\/\/www.enrutagirona.cat\/es\/wp-json\/wp\/v2\/types\/page"}],"author":[{"embeddable":true,"href":"https:\/\/www.enrutagirona.cat\/es\/wp-json\/wp\/v2\/users\/1"}],"replies":[{"embeddable":true,"href":"https:\/\/www.enrutagirona.cat\/es\/wp-json\/wp\/v2\/comments?post=146"}],"version-history":[{"count":0,"href":"https:\/\/www.enrutagirona.cat\/es\/wp-json\/wp\/v2\/pages\/146\/revisions"}],"up":[{"embeddable":true,"href":"https:\/\/www.enrutagirona.cat\/es\/wp-json\/wp\/v2\/pages\/120"}],"wp:featuredmedia":[{"embeddable":true,"href":"https:\/\/www.enrutagirona.cat\/es\/wp-json\/wp\/v2\/media\/177"}],"wp:attachment":[{"href":"https:\/\/www.enrutagirona.cat\/es\/wp-json\/wp\/v2\/media?parent=146"}],"curies":[{"name":"wp","href":"https:\/\/api.w.org\/{rel}","templated":true}]}}