{"id":120,"date":"2018-03-05T23:42:04","date_gmt":"2018-03-05T21:42:04","guid":{"rendered":"http:\/\/www.enrutagirona.cat\/?page_id=120"},"modified":"2025-03-18T17:48:53","modified_gmt":"2025-03-18T15:48:53","slug":"compromis-socioambiental","status":"publish","type":"page","link":"https:\/\/www.enrutagirona.cat\/es\/compromis-socioambiental\/","title":{"rendered":"Compromiso socioambiental<br><br><img src=\"http:\/\/www.enrutagirona.cat\/wp-content\/uploads\/2018\/03\/Xapes-Sostenibles.gif\">"},"content":{"rendered":"<p><strong>EN RUTA GIRONA <\/strong>es turismo activo, responsable y de calidad. Desde 2013 somos una empresa colaboradora del Parque Natural de la Zona Volc\u00e1nica de la Garrotxa, e incorporamos en nuestra gesti\u00f3n el compromiso de mejorar el territorio y los valores de respeto por el medio ambiente y para las personas, tal como establece el C\u00f3digo de gesti\u00f3n sostenible (CGS) de la Garrotxa y el Collsacabra. Adem\u00e1s, en el mismo a\u00f1o y hasta 2023 recibimos la acreditaci\u00f3n de la Carta Europea del Turismo Sostenible (CETS), un compromiso de colaboraci\u00f3n entre la empresa y el territorio que garantiza una gesti\u00f3n responsable, sostenible y de calidad tur\u00edstica. Para mostrar y hacer un seguimiento de las buenas pr\u00e1cticas en la gesti\u00f3n, reafirmando de paso la responsabilidad social de la empresa y la apuesta por la formaci\u00f3n continua, pubicamos peri\u00f3dicamente nuestra mem\u00f2ria de sostenibilidad <span style=\"font-size: inherit;\">(en catal\u00e1n).<\/span><\/p>\n<p>Pod\u00e9is consultar otras empresas acreditadas con la Carta europea del turismo sostenible (CETS) en la p\u00e1gina web del Parque Natural de la Garrotxa, haciendo clic <a href=\"https:\/\/parcsnaturals.gencat.cat\/es\/xarxa-de-parcs\/garrotxa\/viure-hi\/turisme-sostenible\/empreses-adherides-a-lestrategia-de-turisme-sostenible\/empreses-dactivitats\/en-ruta-girona\/index.html\"><span style=\"color: #328232;\"><strong>aqu\u00ed<\/strong><\/span><\/a>.<\/p>\n<hr \/>\n<p>En el marco de nuestro compromiso con la sociedad y con <a href=\"http:\/\/www.enrutagirona.cat\/es\/la-garrotxa\/\"><span style=\"color: #328232;\"><strong>la Garrotxa<\/strong><\/span><\/a>, formamos parte del directorio de empresas RS de Catalunya (socialmente responsables), y cuando dise\u00f1amos un producto tenemos muy en cuenta que este pueda ser apto para hacer con ni\u00f1os, y que pueda ser <span style=\"color: #328232;\"><strong><a style=\"color: #328232;\" href=\"http:\/\/www.enrutagirona.cat\/es\/turisme-inclusiu-bicicletes-joelette\/\">inclusivo y accessible<\/a><\/strong><\/span> para personas con movilidad reducida.<\/p>\n","protected":false},"excerpt":{"rendered":"<p>EN RUTA GIRONA es turismo activo, responsable y de calidad. Desde 2013 somos una empresa colaboradora del Parque Natural de la Zona Volc\u00e1nica de la Garrotxa, e incorporamos en nuestra gesti\u00f3n el compromiso de mejorar el territorio y los valores de respeto por el medio ambiente y para las personas, tal como establece el C\u00f3digo &hellip; <\/p>\n<p class=\"link-more\"><a href=\"https:\/\/www.enrutagirona.cat\/es\/compromis-socioambiental\/\" class=\"more-link\">Continuar leyendo<span class=\"screen-reader-text\"> \u00abCompromiso socioambiental<\/p>\n<p><img decoding=\"async\" src=\"http:\/\/www.enrutagirona.cat\/wp-content\/uploads\/2018\/03\/Xapes-Sostenibles.gif\">\u00ab<\/span><\/a><\/p>\n","protected":false},"author":1,"featured_media":161,"parent":0,"menu_order":6,"comment_status":"closed","ping_status":"closed","template":"","meta":{"_monsterinsights_skip_tracking":false,"_monsterinsights_sitenote_active":false,"_monsterinsights_sitenote_note":"","_monsterinsights_sitenote_category":0,"footnotes":""},"class_list":["post-120","page","type-page","status-publish","has-post-thumbnail","hentry"],"aioseo_notices":[],"_links":{"self":[{"href":"https:\/\/www.enrutagirona.cat\/es\/wp-json\/wp\/v2\/pages\/120","targetHints":{"allow":["GET"]}}],"collection":[{"href":"https:\/\/www.enrutagirona.cat\/es\/wp-json\/wp\/v2\/pages"}],"about":[{"href":"https:\/\/www.enrutagirona.cat\/es\/wp-json\/wp\/v2\/types\/page"}],"author":[{"embeddable":true,"href":"https:\/\/www.enrutagirona.cat\/es\/wp-json\/wp\/v2\/users\/1"}],"replies":[{"embeddable":true,"href":"https:\/\/www.enrutagirona.cat\/es\/wp-json\/wp\/v2\/comments?post=120"}],"version-history":[{"count":0,"href":"https:\/\/www.enrutagirona.cat\/es\/wp-json\/wp\/v2\/pages\/120\/revisions"}],"wp:featuredmedia":[{"embeddable":true,"href":"https:\/\/www.enrutagirona.cat\/es\/wp-json\/wp\/v2\/media\/161"}],"wp:attachment":[{"href":"https:\/\/www.enrutagirona.cat\/es\/wp-json\/wp\/v2\/media?parent=120"}],"curies":[{"name":"wp","href":"https:\/\/api.w.org\/{rel}","templated":true}]}}