{"id":118,"date":"2018-03-05T23:24:01","date_gmt":"2018-03-05T21:24:01","guid":{"rendered":"http:\/\/www.enrutagirona.cat\/?page_id=118"},"modified":"2020-06-05T13:44:00","modified_gmt":"2020-06-05T11:44:00","slug":"assessorament-en-gestio-i-comunicacio","status":"publish","type":"page","link":"https:\/\/www.enrutagirona.cat\/es\/els_nostres_serveis\/assessorament-en-gestio-i-comunicacio\/","title":{"rendered":"Asesoramiento en gesti\u00f3n y comunicaci\u00f3n<br \/><iframe allow=\"autoplay; encrypted-media\" allowfullscreen=\"\" frameborder=\"0\" height=\"220\" src=\"https:\/\/www.youtube-nocookie.com\/embed\/qMX0A8BOIZE?rel=0&#038;controls=0&#038;showinfo=0&#038;start=9;end=168\"><\/iframe><FONT SIZE=1>FUENTE: Reunions entre volcans<\/font>"},"content":{"rendered":"<p><strong>EN RUTA GIRONA <\/strong>le ayuda a organizar diferentes tipos de eventos y gestionar el d\u00eda a d\u00eda de su organizaci\u00f3n: trabajamos para dinamizar el mundo de las entidades y el turismo sostenible.<\/p>\r\n<p>La naturaleza de nuestros clientes y nuestro trato profesional y cercano nos han permitido adquirir sensibilidad y compromiso con las entidades profesionales, las nuevas empresas, y las peque\u00f1as y medianas empresas familiares.<\/p>\r\n<ul>\r\n<li>Dinamizamos secretar\u00edas de entidades: preparamos juntas y asambleas, y hacemos un seguimiento de los acuerdos.<\/li>\r\n<li>Coordinamos proyectos y fomentamos la participaci\u00f3n: asesoramos y analizamos la viabilidad de cada acci\u00f3n.<\/li>\r\n<li>Buscamos informaci\u00f3n sobre tr\u00e1mites, servicios y recursos: resolvemos las dudas jur\u00eddicas, normativas, econ\u00f3micas, contables, formativas e inform\u00e1ticas.<\/li>\r\n<li>Organizamos jornadas de formaci\u00f3n, conferencias y talleres con los mejores profesionales.<\/li>\r\n<li>Buscamos el espacio m\u00e1s adecuado para realizar cada actividad.<\/li>\r\n<li>Ayudamos a tratar la identidad de cada organizaci\u00f3n de acuerdo con sus objetivos y necesidades: definimos una estrategia comunicativa y una pol\u00edtica de gesti\u00f3n en las redes sociales.<\/li>\r\n<li>Impulsamos el turismo sostenible y el ecoturismo, incorporando criterios de sostenibilidad social y ambiental en las organizaciones.<\/li>\r\n<\/ul>\r\n<p><img decoding=\"async\" class=\"size-medium wp-image-216 aligncenter\" src=\"http:\/\/www.enrutagirona.cat\/wp-content\/uploads\/2018\/03\/Reuni\u00f3-Olot.jpg\" alt=\"Assemblea de socis, Olot\" \/><\/p>\r\n<hr \/>\r\n<p>Igualmente, la comarca dispone de una variedad importante de espacios y servicios, y le asesoraremos para encontrar la actividad o espacio de inspiraci\u00f3n que mejor se adapte a su demanda.<\/p>\r\n<ul>\r\n<li>Formaciones, reuniones y retiros.<\/li>\r\n<li>Congresos y convenciones, asambleas y juntas.<\/li>\r\n<li>Actividades guiadas de interpretaci\u00f3n del territorio.<\/li>\r\n<li>Alquiler de bicis o segways.<\/li>\r\n<li>Rutas a caballo y excursiones naturalistas con asnos.<\/li>\r\n<li>Estancias deportivas.<\/li>\r\n<li>Rodajes.<\/li>\r\n<li>Visitas a granjas, queser\u00edas y artesanos.<\/li>\r\n<li>Talleres infantiles.<\/li>\r\n<li>Sesiones de astronom\u00eda.<\/li>\r\n<li>Meditaci\u00f3n, yoga, conciertos de cuencos de cuarzo, terapia de polaridad, musicoterapia, o terapia de la risa.<\/li>\r\n<li>Quiromasaje consciente descontracturante y relajante, osteopat\u00eda energ\u00e9tica, reflexoterapia, cinesiolog\u00eda, reiki, o ayurveda.<\/li>\r\n<li>Talleres de cocina de temporada, de tapas, aperitivos, postres o espec\u00edficos de chocolate.<\/li>\r\n<li>Talleres de jabones artesanales terap\u00e9uticos, ung\u00fcentos medicinales, pasta de dientes artesanal, tinturas medicinales, cremas hidratantes, b\u00e1lsamos o compost casero.<\/li>\r\n<\/ul>\r\n<p>S\u00f3lo tiene que <strong><span style=\"color: #328232;\"><a style=\"color: #328232;\" href=\"http:\/\/www.enrutagirona.cat\/en\/contacte-i-feedback\/\">contactar con nosotros<\/a><\/span><\/strong> y contarnos qu\u00e9 necesita.<\/p>\r\n<p><img decoding=\"async\" class=\"size-medium wp-image-216 aligncenter\" src=\"http:\/\/www.enrutagirona.cat\/wp-content\/uploads\/2018\/03\/taller-cuina.jpg\" alt=\"Paella a l'aire lliure, Mieres\" \/><\/p>\r\n<hr \/>\r\n<p>Se pueden consultar las condiciones de contrataci\u00f3n en la <span style=\"color: #328232;\"><strong><a style=\"color: #328232;\" href=\"http:\/\/www.enrutagirona.cat\/nota-legal\/\">nota legal<\/a><\/strong><\/span>.<\/p>\r\n\r\n<p>&nbsp;<\/p>\r\n","protected":false},"excerpt":{"rendered":"<p>EN RUTA GIRONA le ayuda a organizar diferentes tipos de eventos y gestionar el d\u00eda a d\u00eda de su organizaci\u00f3n: trabajamos para dinamizar el mundo de las entidades y el turismo sostenible. La naturaleza de nuestros clientes y nuestro trato profesional y cercano nos han permitido adquirir sensibilidad y compromiso con las entidades profesionales, las &hellip; <\/p>\n<p class=\"link-more\"><a href=\"https:\/\/www.enrutagirona.cat\/es\/els_nostres_serveis\/assessorament-en-gestio-i-comunicacio\/\" class=\"more-link\">Continuar leyendo<span class=\"screen-reader-text\"> \u00abAsesoramiento en gesti\u00f3n y comunicaci\u00f3n<br \/><iframe allow=\"autoplay; encrypted-media\" allowfullscreen=\"\" frameborder=\"0\" height=\"220\" src=\"https:\/\/www.youtube-nocookie.com\/embed\/qMX0A8BOIZE?rel=0&#038;controls=0&#038;showinfo=0&#038;start=9;end=168\"><\/iframe><FONT SIZE=1>FUENTE: Reunions entre volcans<\/font>\u00ab<\/span><\/a><\/p>\n","protected":false},"author":1,"featured_media":160,"parent":70,"menu_order":5,"comment_status":"closed","ping_status":"closed","template":"","meta":{"_monsterinsights_skip_tracking":false,"_monsterinsights_sitenote_active":false,"_monsterinsights_sitenote_note":"","_monsterinsights_sitenote_category":0,"footnotes":""},"class_list":["post-118","page","type-page","status-publish","has-post-thumbnail","hentry"],"aioseo_notices":[],"_links":{"self":[{"href":"https:\/\/www.enrutagirona.cat\/es\/wp-json\/wp\/v2\/pages\/118","targetHints":{"allow":["GET"]}}],"collection":[{"href":"https:\/\/www.enrutagirona.cat\/es\/wp-json\/wp\/v2\/pages"}],"about":[{"href":"https:\/\/www.enrutagirona.cat\/es\/wp-json\/wp\/v2\/types\/page"}],"author":[{"embeddable":true,"href":"https:\/\/www.enrutagirona.cat\/es\/wp-json\/wp\/v2\/users\/1"}],"replies":[{"embeddable":true,"href":"https:\/\/www.enrutagirona.cat\/es\/wp-json\/wp\/v2\/comments?post=118"}],"version-history":[{"count":0,"href":"https:\/\/www.enrutagirona.cat\/es\/wp-json\/wp\/v2\/pages\/118\/revisions"}],"up":[{"embeddable":true,"href":"https:\/\/www.enrutagirona.cat\/es\/wp-json\/wp\/v2\/pages\/70"}],"wp:featuredmedia":[{"embeddable":true,"href":"https:\/\/www.enrutagirona.cat\/es\/wp-json\/wp\/v2\/media\/160"}],"wp:attachment":[{"href":"https:\/\/www.enrutagirona.cat\/es\/wp-json\/wp\/v2\/media?parent=118"}],"curies":[{"name":"wp","href":"https:\/\/api.w.org\/{rel}","templated":true}]}}