{"id":1118,"date":"2020-05-24T03:58:46","date_gmt":"2020-05-24T01:58:46","guid":{"rendered":"https:\/\/www.enrutagirona.cat\/ca\/?page_id=1118"},"modified":"2020-06-29T00:34:26","modified_gmt":"2020-06-28T22:34:26","slug":"coronavirus","status":"publish","type":"page","link":"https:\/\/www.enrutagirona.cat\/es\/coronavirus\/","title":{"rendered":"Seguridad sanitaria: estamos preparados para recibiros<br \/> <iframe allow=\"autoplay; encrypted-media\" allowfullscreen=\"\" frameborder=\"0\" height=\"220\" src=\"https:\/\/www.youtube-nocookie.com\/embed\/x1xvTiZpkv0?rel=0&#038;controls=0&#038;showinfo=0&#038;start=0\" width=\"560\"><\/iframe><FONT SIZE=1>FUENTE: Hablemos de lupus<\/font>"},"content":{"rendered":"<p>No somos ajenos a la crisis sanitaria del coronavirus, y es nuestra preocupaci\u00f3n proteger a la poblaci\u00f3n local, a nuestros clientes, y a nuestros trabajadores y colaboradores. Con el objetico de hacernos todos corresponsables hemos adoptado una serie de medidas de prevenci\u00f3n y contenci\u00f3n para el COVID-19 a nuestra actividad. Los aspectos m\u00e1s relevantes los pod\u00e9is encontrar resumidos a continuaci\u00f3n:<\/p>\n<p style=\"text-align: left;\"><img loading=\"lazy\" decoding=\"async\" class=\"size-medium wp-image-1152 alignright\" style=\"font-weight: bold; font-size: 0.8125rem;\" src=\"https:\/\/www.enrutagirona.cat\/wp-content\/uploads\/2020\/05\/cita-283x300.gif\" alt=\"Coronavirs - Cita pr\u00e8via\" width=\"120\" height=\"120\" srcset=\"https:\/\/www.enrutagirona.cat\/wp-content\/uploads\/2020\/05\/cita-150x150.gif 150w, https:\/\/www.enrutagirona.cat\/wp-content\/uploads\/2020\/05\/cita-100x100.gif 100w\" sizes=\"auto, (max-width: 120px) 100vw, 120px\" \/>&#8211;<strong>Cita previa<\/strong>: cualquier petici\u00f3n de actividad se tiene que hacer a trav\u00e9s de medios telem\u00e1ticos y la formalizaci\u00f3n de una reserva supone la aceptaci\u00f3n expresa del servicio con las medidas y condiciones de seguridad sanitaria adoptadas. Por eso os ense\u00f1amos antes nuestro plan de contingencia y os pedimos la firma de una declaraci\u00f3n responsable.<\/p>\n<p>&nbsp;<\/p>\n<p><img loading=\"lazy\" decoding=\"async\" class=\"size-medium wp-image-1155 alignleft\" src=\"https:\/\/www.enrutagirona.cat\/wp-content\/uploads\/2020\/06\/seguretat-283x300.gif\" alt=\"Coronavirs - Mesures de seguretat\" width=\"120\" height=\"120\" \/>&#8211;<strong>Medidas de seguridad i equipos de protecci\u00f3n individuales<\/strong>: recordamos las medidas adoptadas y las normas de higiene, y contamos como funcionar\u00e1 la actividad antes del inicio de esta. Facilitamos gel hidroalcoh\u00f3lico a los participantes y, si el cliente no tiene una propia, tambi\u00e9n os damos una mascarilla. Tanto los espacios como los equipos utilizados, se limpian y desinfectan despu\u00e9s de cada sesi\u00f3n y antes de atender al siguente grupo. Como norma general: no se pueden compartir equipos, y tenemos que mantener el distanciamiento social de un metro y medio (o utilizar mascarillas y guantes cuando esto no sea posible).<\/p>\n<p><img loading=\"lazy\" decoding=\"async\" class=\"size-medium wp-image-1153 alignright\" style=\"font-weight: bold; font-size: 0.8125rem;\" src=\"https:\/\/www.enrutagirona.cat\/wp-content\/uploads\/2020\/05\/grups-283x300.gif\" alt=\"Coronavirs - Grups petits\" width=\"120\" height=\"120\" srcset=\"https:\/\/www.enrutagirona.cat\/wp-content\/uploads\/2020\/05\/grups-150x150.gif 150w, https:\/\/www.enrutagirona.cat\/wp-content\/uploads\/2020\/05\/grups-100x100.gif 100w\" sizes=\"auto, (max-width: 120px) 100vw, 120px\" \/>&#8211;<strong>Grupos reducidos<\/strong>: priorizamos las actividades al aire libre y evitamos aglomeraciones. Trabajamos siempre con grupos reducidos: para las actividades al aire libre m\u00e0ximo veinte personas por gu\u00eda; y para actividades en el interior de locales el aforo debe asegurar un m\u00ednimo de dos metros y medio cuadrados por persona y un distanciamiento social de un metro y medio. Esta limitaci\u00f3n de aforo s\u00f3lo se pueden superar si el grupo forma parte de una misma unidad de confinamento. Las reuniones, formaciones, assembleas, o similares ser\u00e1n de un m\u00e1ximo de ochenta personas con registro de participantes y uso obligatorio de mascarilla.<\/p>\n<p><img loading=\"lazy\" decoding=\"async\" class=\"size-medium wp-image-1154 alignleft\" src=\"https:\/\/www.enrutagirona.cat\/wp-content\/uploads\/2020\/05\/pla-283x300.gif\" alt=\"Coronavirs - Pla\" width=\"120\" height=\"120\" srcset=\"https:\/\/www.enrutagirona.cat\/wp-content\/uploads\/2020\/05\/pla-150x150.gif 150w, https:\/\/www.enrutagirona.cat\/wp-content\/uploads\/2020\/05\/pla-100x100.gif 100w\" sizes=\"auto, (max-width: 120px) 100vw, 120px\" \/>&#8211;<strong>Plan de contingencia<\/strong>: hemos elaborado un <span style=\"color: #328232;\"><strong><a style=\"color: #328232;\" href=\"https:\/\/www.enrutagirona.cat\/wp-content\/uploads\/2020\/06\/EN-RUTA-GIRONA-Pla-de-conting\u00e8ncia-COVID-19.pdf\" target=\"_blank\" rel=\"noopener noreferrer\">plan de contingencia<\/a><\/strong><\/span> (en catal\u00e1n) que hace un an\u00e1lisis de las actividades que os ofrecemos y nos permete determinar c\u00f3mo actuar en caso de encontrarnos un caso sospechoso de infecci\u00f3n. Este plan tambi\u00e9n define como reorganitzar los espacios y los procesos de las actividades para hacerlos m\u00e1s seguros, y establece como hacer la limpieza y desinfecci\u00f3n de espacios y equipos paso a paso, y s\u00f3lo con productos autorizados. Tambi\u00e9n marca qu\u00e9 registros de puntos de control hacemos y presenta los modelos de <span style=\"color: #328232;\"><strong><a style=\"color: #328232;\" href=\"https:\/\/www.enrutagirona.cat\/wp-content\/uploads\/2020\/06\/EN-RUTA-GIRONA-Declaraci\u00f3-responsable-client.pdf\" target=\"_blank\" rel=\"noopener noreferrer\">declaraci\u00f3n responsable de los clientes<\/a><\/strong><\/span>\u00a0(en catal\u00e1n), y de <span style=\"color: #328232;\"><strong><a style=\"color: #328232;\" href=\"https:\/\/www.enrutagirona.cat\/wp-content\/uploads\/2020\/06\/EN-RUTA-GIRONA-Declaraci\u00f3-responsable-altres.pdf\" target=\"_blank\" rel=\"noopener noreferrer\">declaraci\u00f3n responsable para a proveedores\/colaboradores i visitas externas<\/a><\/strong><\/span>\u00a0(en catal\u00e1n).<\/p>\n<p>Con todo, os queremos transmitir la confianza que visitandonos os pod\u00e9is sentir seguros: actividades de naturaleza al aire libre, talleres y reuniones en entornos seguros y controlados, y personal preparado para atender vuestras dudas y necesidades.<\/p>\n<p>&nbsp;<\/p>\n<p>CERTIFICACIONES DE FORMACIONES ESPEC\u00cdFICAS Y CUMPLIMIENTO NORMATIVO:<\/p>\n<p><img loading=\"lazy\" decoding=\"async\" class=\"size-medium wp-image-1154 alignleft\" src=\"https:\/\/www.enrutagirona.cat\/wp-content\/uploads\/2020\/06\/Logo-certificado_AEE.jpg\" alt=\"Certificat AEE Club d'Ecoturismo de Espa\u00f1a (SOYECOTURISTA)\" width=\"100\" height=\"100\" \/> <img loading=\"lazy\" decoding=\"async\" class=\"size-medium wp-image-1154 alignleft\" src=\"https:\/\/www.enrutagirona.cat\/wp-content\/uploads\/2020\/06\/FES.jpg\" alt=\"Fundaci\u00f3 d'Estudis Superios d'Olot (FES)\" width=\"100\" height=\"100\" \/> <img loading=\"lazy\" decoding=\"async\" class=\"size-medium wp-image-1154 alignleft\" src=\"https:\/\/www.enrutagirona.cat\/wp-content\/uploads\/2020\/06\/Sigma.jpg\" alt=\"Consorci de Medi Ambient i Salut P\u00fablica (SIGMA)\" width=\"100\" height=\"100\" \/> <img loading=\"lazy\" decoding=\"async\" class=\"size-medium wp-image-1154 alignleft\" src=\"https:\/\/www.enrutagirona.cat\/wp-content\/uploads\/2020\/06\/Responsible_Tourism.jpg\" alt=\"Protocols Responsible Tourism (MICOTUR)\" width=\"100\" height=\"100\" \/><\/p>\n","protected":false},"excerpt":{"rendered":"<p>No somos ajenos a la crisis sanitaria del coronavirus, y es nuestra preocupaci\u00f3n proteger a la poblaci\u00f3n local, a nuestros clientes, y a nuestros trabajadores y colaboradores. Con el objetico de hacernos todos corresponsables hemos adoptado una serie de medidas de prevenci\u00f3n y contenci\u00f3n para el COVID-19 a nuestra actividad. Los aspectos m\u00e1s relevantes los &hellip; <\/p>\n<p class=\"link-more\"><a href=\"https:\/\/www.enrutagirona.cat\/es\/coronavirus\/\" class=\"more-link\">Continuar leyendo<span class=\"screen-reader-text\"> \u00abSeguridad sanitaria: estamos preparados para recibiros<br \/> <iframe loading=\"lazy\" allow=\"autoplay; encrypted-media\" allowfullscreen=\"\" frameborder=\"0\" height=\"220\" src=\"https:\/\/www.youtube-nocookie.com\/embed\/x1xvTiZpkv0?rel=0&#038;controls=0&#038;showinfo=0&#038;start=0\" width=\"560\"><\/iframe><FONT SIZE=1>FUENTE: Hablemos de lupus<\/font>\u00ab<\/span><\/a><\/p>\n","protected":false},"author":1,"featured_media":1140,"parent":0,"menu_order":0,"comment_status":"closed","ping_status":"closed","template":"","meta":{"_monsterinsights_skip_tracking":false,"_monsterinsights_sitenote_active":false,"_monsterinsights_sitenote_note":"","_monsterinsights_sitenote_category":0,"footnotes":""},"class_list":["post-1118","page","type-page","status-publish","has-post-thumbnail","hentry"],"aioseo_notices":[],"_links":{"self":[{"href":"https:\/\/www.enrutagirona.cat\/es\/wp-json\/wp\/v2\/pages\/1118","targetHints":{"allow":["GET"]}}],"collection":[{"href":"https:\/\/www.enrutagirona.cat\/es\/wp-json\/wp\/v2\/pages"}],"about":[{"href":"https:\/\/www.enrutagirona.cat\/es\/wp-json\/wp\/v2\/types\/page"}],"author":[{"embeddable":true,"href":"https:\/\/www.enrutagirona.cat\/es\/wp-json\/wp\/v2\/users\/1"}],"replies":[{"embeddable":true,"href":"https:\/\/www.enrutagirona.cat\/es\/wp-json\/wp\/v2\/comments?post=1118"}],"version-history":[{"count":0,"href":"https:\/\/www.enrutagirona.cat\/es\/wp-json\/wp\/v2\/pages\/1118\/revisions"}],"wp:featuredmedia":[{"embeddable":true,"href":"https:\/\/www.enrutagirona.cat\/es\/wp-json\/wp\/v2\/media\/1140"}],"wp:attachment":[{"href":"https:\/\/www.enrutagirona.cat\/es\/wp-json\/wp\/v2\/media?parent=1118"}],"curies":[{"name":"wp","href":"https:\/\/api.w.org\/{rel}","templated":true}]}}