{"id":67,"date":"2018-03-05T17:56:45","date_gmt":"2018-03-05T15:56:45","guid":{"rendered":"http:\/\/www.enrutagirona.cat\/?page_id=67"},"modified":"2025-03-04T20:37:23","modified_gmt":"2025-03-04T18:37:23","slug":"inici","status":"publish","type":"page","link":"https:\/\/www.enrutagirona.cat\/ca\/","title":{"rendered":"Benvinguts a EN RUTA GIRONA<br><br><img src=\"https:\/\/www.enrutagirona.cat\/wp-content\/uploads\/2022\/06\/polaroid.jpg\">"},"content":{"rendered":"<p><strong>EN RUTA GIRONA<\/strong> \u00e9s una empresa de turisme actiu que organitza excursions i guiatges en senderisme interpretatiu per la Garrotxa i el seu entorn, i que ofereix un servei d\u2019assessorament en gesti\u00f3 i comunicaci\u00f3 per a entitats. Per una banda, \u00e9s una proposta que posa a l\u2019abast de tothom els recursos naturals i tur\u00edstics de la Garrotxa, posant una atenci\u00f3 especial en aquelles activitats tur\u00edstiques que respectin i tinguin cura del nostre entorn natural, hist\u00f2ric i social per no comprometre\u2019l de cara al futur; i per una altra banda assessora diferents entitats en l\u2019organitzaci\u00f3 de juntes, assemblees i esdeveniments diversos, i fa un seguiment de cada acci\u00f3 acordada.<\/p>\n<p>Els guiatges interpretatius en senderisme que oferim s\u00f3n activitats que combinen l\u2019<em>slow travel<\/em> i el turisme responsable, en la mesura que defugen la massificaci\u00f3 dels espais i l\u2019estacionalitzaci\u00f3 de l\u2019activitat tur\u00edstica, alhora que permeten gaudir del territori d\u2019una manera reposada i sense presses, i es potencia l\u2019economia local i les activitats respectuoses amb el medi ambient.<\/p>\n<p>Us convidem a practicar el senderisme, i junts explorarem i descobrirem els indrets m\u00e9s amagats i aut\u00e8ntics de la regi\u00f3 volc\u00e0nica de la Costa Brava i del Pirineu de Girona: la Garrotxa!<\/p>\n","protected":false},"excerpt":{"rendered":"<p>EN RUTA GIRONA \u00e9s una empresa de turisme actiu que organitza excursions i guiatges en senderisme interpretatiu per la Garrotxa i el seu entorn, i que ofereix un servei d\u2019assessorament en gesti\u00f3 i comunicaci\u00f3 per a entitats. Per una banda, \u00e9s una proposta que posa a l\u2019abast de tothom els recursos naturals i tur\u00edstics de &hellip; <\/p>\n<p class=\"link-more\"><a href=\"https:\/\/www.enrutagirona.cat\/ca\/\" class=\"more-link\">Continua llegint <span class=\"screen-reader-text\">\u00abBenvinguts a EN RUTA GIRONA<\/p>\n<p><img decoding=\"async\" src=\"https:\/\/www.enrutagirona.cat\/wp-content\/uploads\/2022\/06\/polaroid.jpg\">\u00bb<\/span><\/a><\/p>\n","protected":false},"author":1,"featured_media":0,"parent":0,"menu_order":1,"comment_status":"closed","ping_status":"closed","template":"","meta":{"_monsterinsights_skip_tracking":false,"_monsterinsights_sitenote_active":false,"_monsterinsights_sitenote_note":"","_monsterinsights_sitenote_category":0,"footnotes":""},"class_list":["post-67","page","type-page","status-publish","hentry"],"aioseo_notices":[],"_links":{"self":[{"href":"https:\/\/www.enrutagirona.cat\/ca\/wp-json\/wp\/v2\/pages\/67","targetHints":{"allow":["GET"]}}],"collection":[{"href":"https:\/\/www.enrutagirona.cat\/ca\/wp-json\/wp\/v2\/pages"}],"about":[{"href":"https:\/\/www.enrutagirona.cat\/ca\/wp-json\/wp\/v2\/types\/page"}],"author":[{"embeddable":true,"href":"https:\/\/www.enrutagirona.cat\/ca\/wp-json\/wp\/v2\/users\/1"}],"replies":[{"embeddable":true,"href":"https:\/\/www.enrutagirona.cat\/ca\/wp-json\/wp\/v2\/comments?post=67"}],"version-history":[{"count":0,"href":"https:\/\/www.enrutagirona.cat\/ca\/wp-json\/wp\/v2\/pages\/67\/revisions"}],"wp:attachment":[{"href":"https:\/\/www.enrutagirona.cat\/ca\/wp-json\/wp\/v2\/media?parent=67"}],"curies":[{"name":"wp","href":"https:\/\/api.w.org\/{rel}","templated":true}]}}