{"id":567,"date":"2018-03-11T19:08:31","date_gmt":"2018-03-11T17:08:31","guid":{"rendered":"http:\/\/www.enrutagirona.cat\/?page_id=567"},"modified":"2025-08-24T23:14:12","modified_gmt":"2025-08-24T21:14:12","slug":"turisme-inclusiu-bicicletes-joelette","status":"publish","type":"page","link":"https:\/\/www.enrutagirona.cat\/ca\/compromis-socioambiental\/turisme-inclusiu-bicicletes-joelette\/","title":{"rendered":"Turisme inclusiu: som accessibles<br><iframe allow=\"autoplay; encrypted-media\" allowfullscreen=\"\" frameborder=\"0\" height=\"220\" src=\"https:\/\/www.youtube-nocookie.com\/embed\/g1G0QFSFplI?rel=0&#038;controls=0&#038;showinfo=0&#038;start=4\"><\/iframe><FONT SIZE=1>FONT: Jo\u00eblette and Co<\/font>"},"content":{"rendered":"<p><strong>EN RUTA GIRONA<\/strong> vol que continueu fent all\u00f2 que us vingui de gust fer. I si voleu fer turisme no volem que cap mena de diversitat funcional o discapacitat sigui un impediment.<\/p>\n<p>Moltes de les nostres sortides tenen una dificultat baixa, i moltes es poden readaptar canviant el recorregut proposat per fer-les m\u00e9s accessibles. A m\u00e9s, afortunadament, el territori est\u00e0 fent grans esfor\u00e7os per ser cada dia m\u00e9s una destinaci\u00f3 inclusiva i cada vegada hi ha m\u00e9s recursos tur\u00edstics adaptats.<\/p>\n<p>I si us espanta la mobilitat en una comarca de muntanya, heu de saber que a iniciativa del Patronat de Turisme Costa Brava i Pirineu de Girona i en col\u00b7laboraci\u00f3 amb el Parc Natural de la Zona Volc\u00e0nica de la Garrotxa, les activitats acreditades amb la Carta europea del turisme sostenible (CETS) podem disposar d&#8217;una cadira <em>Jo\u00eblette<\/em>.<\/p>\n<p>La cadira <em>Jo\u00eblette<\/em> \u00e9s una cadira tot terreny d&#8217;una roda que permet fer senderisme i altres activitats d&#8217;oci al medi natural i arribar all\u00e0 on una cadira de rodes no pot arribar. A m\u00e9s, afavoreix el gaudi, el coneixement, la confian\u00e7a i la resili\u00e8ncia del visitant. Amb una formaci\u00f3 pr\u00e8via de 15 minuts, el guia i els acompanyants aprendran a utilitzar-la sense problemes: l&#8217;integrant del grup que vagi al darrere assegura l&#8217;equilibri mentre que l&#8217;integrant del grup que vagi a davant s&#8217;encarrega de la tracci\u00f3 i la direcci\u00f3. Si voleu m\u00e9s informaci\u00f3, podeu visitar la p\u00e0gina oficial de <em><strong><span style=\"color: #328232;\"><a style=\"color: #328232;\" href=\"https:\/\/www.joeletteandco.com\/es\/project\/joelette-adventure-es\/\" target=\"_blank\" rel=\"noopener noreferrer\">Jo\u00eblette and Co<\/a><\/span><\/strong><\/em>.<\/p>\n<p>Si us interessa poder disposar de la bicicleta <em>Jo\u00eblette<\/em>, nom\u00e9s cal que trieu una activitat per fer i que ens sol\u00b7liciteu de demanar-ne la cessi\u00f3 al Parc Natural de la Zona Volc\u00e0nica de la Garrotxa.<\/p>\n<p>&nbsp;<\/p>\n<hr \/>\n<p>&nbsp;<\/p>\n<p>Si voleu m\u00e9s informaci\u00f3 sobre els nostres serveis o ens voleu comentar les vostres necessitats, no dubteu a <strong><span style=\"color: #328232;\"><a style=\"color: #328232;\" href=\"http:\/\/www.enrutagirona.cat\/contacte-i-feedback\/\">contactar<\/a><\/span><\/strong> amb nosaltres.<\/p>\n","protected":false},"excerpt":{"rendered":"<p>EN RUTA GIRONA vol que continueu fent all\u00f2 que us vingui de gust fer. I si voleu fer turisme no volem que cap mena de diversitat funcional o discapacitat sigui un impediment. Moltes de les nostres sortides tenen una dificultat baixa, i moltes es poden readaptar canviant el recorregut proposat per fer-les m\u00e9s accessibles. A &hellip; <\/p>\n<p class=\"link-more\"><a href=\"https:\/\/www.enrutagirona.cat\/ca\/compromis-socioambiental\/turisme-inclusiu-bicicletes-joelette\/\" class=\"more-link\">Continua llegint <span class=\"screen-reader-text\">\u00abTurisme inclusiu: som accessibles<br \/><iframe allow=\"autoplay; encrypted-media\" allowfullscreen=\"\" frameborder=\"0\" height=\"220\" src=\"https:\/\/www.youtube-nocookie.com\/embed\/g1G0QFSFplI?rel=0&#038;controls=0&#038;showinfo=0&#038;start=4\"><\/iframe><FONT SIZE=1>FONT: Jo\u00eblette and Co<\/font>\u00bb<\/span><\/a><\/p>\n","protected":false},"author":1,"featured_media":569,"parent":120,"menu_order":8,"comment_status":"closed","ping_status":"closed","template":"","meta":{"_monsterinsights_skip_tracking":false,"_monsterinsights_sitenote_active":false,"_monsterinsights_sitenote_note":"","_monsterinsights_sitenote_category":0,"footnotes":""},"class_list":["post-567","page","type-page","status-publish","has-post-thumbnail","hentry"],"aioseo_notices":[],"_links":{"self":[{"href":"https:\/\/www.enrutagirona.cat\/ca\/wp-json\/wp\/v2\/pages\/567","targetHints":{"allow":["GET"]}}],"collection":[{"href":"https:\/\/www.enrutagirona.cat\/ca\/wp-json\/wp\/v2\/pages"}],"about":[{"href":"https:\/\/www.enrutagirona.cat\/ca\/wp-json\/wp\/v2\/types\/page"}],"author":[{"embeddable":true,"href":"https:\/\/www.enrutagirona.cat\/ca\/wp-json\/wp\/v2\/users\/1"}],"replies":[{"embeddable":true,"href":"https:\/\/www.enrutagirona.cat\/ca\/wp-json\/wp\/v2\/comments?post=567"}],"version-history":[{"count":3,"href":"https:\/\/www.enrutagirona.cat\/ca\/wp-json\/wp\/v2\/pages\/567\/revisions"}],"predecessor-version":[{"id":1591,"href":"https:\/\/www.enrutagirona.cat\/ca\/wp-json\/wp\/v2\/pages\/567\/revisions\/1591"}],"up":[{"embeddable":true,"href":"https:\/\/www.enrutagirona.cat\/ca\/wp-json\/wp\/v2\/pages\/120"}],"wp:featuredmedia":[{"embeddable":true,"href":"https:\/\/www.enrutagirona.cat\/ca\/wp-json\/wp\/v2\/media\/569"}],"wp:attachment":[{"href":"https:\/\/www.enrutagirona.cat\/ca\/wp-json\/wp\/v2\/media?parent=567"}],"curies":[{"name":"wp","href":"https:\/\/api.w.org\/{rel}","templated":true}]}}