{"id":146,"date":"2018-03-06T00:21:05","date_gmt":"2018-03-05T22:21:05","guid":{"rendered":"http:\/\/www.enrutagirona.cat\/?page_id=146"},"modified":"2020-10-19T19:54:14","modified_gmt":"2020-10-19T17:54:14","slug":"la-garrotxa","status":"publish","type":"page","link":"https:\/\/www.enrutagirona.cat\/ca\/compromis-socioambiental\/la-garrotxa\/","title":{"rendered":"La Garrotxa<br><iframe allow=\"autoplay; encrypted-media\" allowfullscreen=\"\" frameborder=\"0\" height=\"220\" src=\"https:\/\/www.youtube-nocookie.com\/embed\/rR_gdJWBv6w?rel=0&#038;controls=0&#038;showinfo=0&#038;start=0;end=22\"><\/iframe><FONT SIZE=1>FONT: Turisme Garrotxa<\/font>"},"content":{"rendered":"<p>Vols con\u00e8ixer la Garrotxa? Un territori \u00fanic!<\/p>\n<p>GEOLOGIA I GEOGRAFIA<br \/><span style=\"font-size: 1rem;\">La Garrotxa \u00e9s la comarca de muntanya m\u00e9s oriental de Catalunya i la que t\u00e9 menys al\u00e7ada mitjana. T\u00e9 un relleu que es caracteritza per la <\/span><strong style=\"font-size: 1rem;\">transici\u00f3 entre la muntanya i la plana<\/strong><span style=\"font-size: 1rem;\"> i per l\u2019exist\u00e8ncia d\u2019una <\/span><strong style=\"font-size: 1rem;\">zona volc\u00e0nica<\/strong><span style=\"font-size: 1rem;\">, la qual cosa converteix aquest lloc en un espai privilegiat per realitzar qualsevol tipus d\u2019activitat a l\u2019aire lliure.\u00a0 Ara b\u00e9, no cal oblidar que el terme &#8220;garrotxa&#8221; s\u2019utilitza per referir-se a una terra aspra, trencada i on fa de mal caminar. <\/span><\/p>\n<p><span style=\"font-size: 1rem;\"><div id=\"geo-link-146\" class=\"sh-link geo-link sh-hide\"><a href=\"#\" onclick=\"showhide_toggle('geo', 146, '(+\/-) M\u00e9s informaci\u00f3', '(+\/-) Minimitza informaci\u00f3'); return false;\" aria-expanded=\"false\"><span id=\"geo-toggle-146\">(+\/-) M\u00e9s informaci\u00f3<\/span><\/a><\/div><div id=\"geo-content-146\" class=\"sh-content geo-content sh-hide\" style=\"display: none;\"> <\/span><img decoding=\"async\" class=\"size-medium wp-image-216\" style=\"font-size: 1rem;\" src=\"http:\/\/www.enrutagirona.cat\/wp-content\/uploads\/2018\/03\/bas-12DESCOBREIX-GEOLOGIA.jpg\" alt=\"Bracons, La Vall d'en Bas,\" width=\"100%\" srcset=\"https:\/\/www.enrutagirona.cat\/wp-content\/uploads\/2018\/03\/bas-12DESCOBREIX-GEOLOGIA.jpg 520w, https:\/\/www.enrutagirona.cat\/wp-content\/uploads\/2018\/03\/bas-12DESCOBREIX-GEOLOGIA-300x144.jpg 300w\" sizes=\"(max-width: 520px) 100vw, 520px\" \/><span style=\"font-size: 1rem;\"> La Garrotxa no \u00e9s un territori homogeni i s\u2019hi distingeixen dues subcomarques, delimitades per una falla que d\u00f3na personalitat a la comarca. L\u2019Alta Garrotxa es refereix a la zona nord de la vall del Fluvi\u00e0, i es caracteritza per l\u2019abundor de materials calcaris, els relleus abruptes i poc alterats per l\u2019activitat humana, avui dins l\u2019<\/span><strong style=\"font-size: 1rem;\">Espai d\u2019Inter\u00e8s Natural de l\u2019Alta Garrotxa<\/strong><span style=\"font-size: 1rem;\">. La subcomarca d\u2019Olot correspon a la zona m\u00e9s meridional i presenta uns paisatges molt m\u00e9s suaus i humanitzats, la major part de la qual est\u00e0 integrada dins el <\/span><strong style=\"font-size: 1rem;\">Parc Natural de la Zona Volc\u00e0nica de la Garrotxa<\/strong><span style=\"font-size: 1rem;\">, el millor exponent de paisatge volc\u00e0nic de la Pen\u00ednsula, amb m\u00e9s de quaranta volcans i una vintena de colades de lava.<\/span><\/p>\n<p><span style=\"font-size: 1rem;\"> Aquesta falla divis\u00f2ria ens recorda l\u2019origen volc\u00e0nic de la comarca, per\u00f2 no \u00e9s l\u2019\u00fanica, ja que un sistema de falles recorre la comarca en direcci\u00f3 nord\u2013sud i est\u2013oest, i forma i forma un seguit de cubetes o zones enfonsades, fet que converteix la Garrotxa en una de les comarques m\u00e9s complexes i variades de Catalunya. <\/span><\/p>\n<p><span style=\"font-size: 1rem;\">De fet, aquests espais, juntament amb el riu Fluvi\u00e0, formen part de la <\/span><strong style=\"font-size: 1rem;\">Xarxa Natura 2000<\/strong><span style=\"font-size: 1rem;\">, una iniciativa europea per protegir els espais naturals singulars, diversos, rars, ben conservats, representatius, fr\u00e0gils o vulnerables i que connecten amb altres de les mateixes caracter\u00edstiques. <\/span><\/p>\n<p><img decoding=\"async\" class=\"size-medium wp-image-217\" style=\"font-size: 1rem;\" src=\"http:\/\/www.enrutagirona.cat\/wp-content\/uploads\/2018\/03\/Sallent-08DESCOBREIX-GEOLOGIA.jpg\" alt=\"Salamandra\" width=\"100%\" srcset=\"https:\/\/www.enrutagirona.cat\/wp-content\/uploads\/2018\/03\/Sallent-08DESCOBREIX-GEOLOGIA.jpg 520w, https:\/\/www.enrutagirona.cat\/wp-content\/uploads\/2018\/03\/Sallent-08DESCOBREIX-GEOLOGIA-300x144.jpg 300w\" sizes=\"(max-width: 520px) 100vw, 520px\" \/><\/p>\n<p><span style=\"font-size: 1rem;\">Aix\u00ed, la Garrotxa tamb\u00e9 es caracteritza per la riquesa i la diversitat de la vegetaci\u00f3, amb una gran extensi\u00f3 de bosc. Algunes de les esp\u00e8cies que es troben aqu\u00ed, com ara el faig o el bedoll, s\u00f3n m\u00e9s pr\u00f2pies dels climes atl\u00e0ntics de centre d\u2019Europa que d\u2019una regi\u00f3 mediterr\u00e0nia. Cal cercar l\u2019explicaci\u00f3 en un clima particular, mediterrani per\u00f2 amb pluges abundants durant tot l\u2019any (la Vall d\u2019en Bas recull anualment m\u00e9s de 1.250 mm). <\/span><\/p>\n<p><span style=\"font-size: 1rem;\">A m\u00e9s, el relleu de la comarca l\u2019a\u00eflla de les masses d\u2019aire fred que v\u00e9nen del nord d\u2019Europa, i, per tant, <\/span><strong style=\"font-size: 1rem;\">les temperatures s\u00f3n benignes i el vent no gaire freq\u00fcent<\/strong><span style=\"font-size: 1rem;\">. Domina l\u2019alzinar en els punts m\u00e9s secs i calorosos, la roureda en les \u00e0rees m\u00e9s temperades i fresques, i la fageda en els sectors m\u00e9s humits.<br \/><\/div> <\/span><\/p>\n<p><span style=\"font-size: 1rem;\">ART I HIST\u00d2RIA <br \/><\/span><span style=\"font-size: 1rem;\">Els atractius de la Garrotxa no es limiten, per\u00f2, a la natura i la zona volc\u00e0nica, sin\u00f3 que s\u2019hi poden trobar molts altres indrets encantadors com ara Castellfollit de la Roca o Besal\u00fa. Castellfollit de la Roca impressiona el visitant per la <\/span><strong style=\"font-size: 1rem;\">peculiar combinaci\u00f3 de la intervenci\u00f3 humana amb la natura<\/strong><span style=\"font-size: 1rem;\"> en una cinglera bas\u00e0ltica sobre la qual es repenja el poble, amb el pintoresc conjunt de l\u2019esgl\u00e9sia vella i les cases antigues del poble constru\u00efdes arran d\u2019un precipici d\u2019uns 60 metres d\u2019al\u00e7ada. <\/span><\/p>\n<p><span style=\"font-size: 1rem;\"><div id=\"art-link-146\" class=\"sh-link art-link sh-hide\"><a href=\"#\" onclick=\"showhide_toggle('art', 146, '(+\/-) M\u00e9s informaci\u00f3', '(+\/-) Minimitza informaci\u00f3'); return false;\" aria-expanded=\"false\"><span id=\"art-toggle-146\">(+\/-) M\u00e9s informaci\u00f3<\/span><\/a><\/div><div id=\"art-content-146\" class=\"sh-content art-content sh-hide\" style=\"display: none;\"> <\/span><img decoding=\"async\" class=\"size-medium wp-image-218\" style=\"font-size: 1rem;\" src=\"http:\/\/www.enrutagirona.cat\/wp-content\/uploads\/2018\/03\/santa-pau-06DESCOBREIX-ART.jpg\" alt=\"Santuari de Santa Maria de Finestres, Mieres\" width=\"100%\" srcset=\"https:\/\/www.enrutagirona.cat\/wp-content\/uploads\/2018\/03\/santa-pau-06DESCOBREIX-ART.jpg 520w, https:\/\/www.enrutagirona.cat\/wp-content\/uploads\/2018\/03\/santa-pau-06DESCOBREIX-ART-300x144.jpg 300w\" sizes=\"(max-width: 520px) 100vw, 520px\" \/><span style=\"font-size: 1rem;\"> Passejant per Besal\u00fa, municipi declarat conjunt historicoart\u00edstic historicoart\u00edstic nacional pel seu gran valor arquitect\u00f2nic, es percep clarament el seu passat carregat d\u2019hist\u00f2ria, ja que aquest municipi va ser la capital d\u2019un comtat independent, des de la mort de Guifr\u00e9 el Pil\u00f3s Pil\u00f3s fins a la mort de Bernat III, quan es va fusionar amb el comtat de Barcelona. Una imatge t\u00edpica de Besal\u00fa \u00e9s el pont rom\u00e0nic fortificat sobre el riu Fluvi\u00e0, que data del segle XI i es caracteritza per ser l\u2019\u00fanic de tot Catalunya amb set arcades. A part del pont, tamb\u00e9 \u00e9s molt recomanable visitar el monestir de Sant Pere, del segle XII, l\u2019esgl\u00e9sia de Sant Juli\u00e0 del segle XVII, amb la portalada esculpida; l\u2019edifici de la C\u00faria Reial, del segle XIV, la pla\u00e7a Major, els p\u00f2rtics del carrer Tallaferro, el call jueu, la casa de banys i, en general, el conjunt del nucli medieval de la poblaci\u00f3. <\/span><\/p>\n<p><span style=\"font-size: 1rem;\">Molt a prop de Besal\u00fa, el rom\u00e0nic del municipi de Beuda \u00e9s una altra proposta molt interessant. A Sant Joan les Fonts tamb\u00e9 trobem exemples d\u2019aquest estil arquitect\u00f2nic, ja que hi ha el principal exponent del <\/span><strong style=\"font-size: 1rem;\">rom\u00e0nic<\/strong><span style=\"font-size: 1rem;\"> a la comarca, l\u2019esgl\u00e9sia de Sant Esteve, un edifici de planta basilical constru\u00eft amb pedra vermella, que fou la seu d\u2019un priorat benedict\u00ed. <\/span><\/p>\n<p><span style=\"font-size: 1rem;\">Hi ha altres municipis molt interessants, com ara la Vall d\u2019en Bas, que agrupa diversos <\/span><strong style=\"font-size: 1rem;\">poblets t\u00edpics<\/strong><span style=\"font-size: 1rem;\">, entre els quals cal ressaltar els Hostalets d\u2019en Bas, pels seus balcons de fusta, i l\u2019esgl\u00e9sia rom\u00e0nica de Sant Esteve d\u2019en Bas; a la Vall de Bianya hi ha un gran nombre d\u2019esgl\u00e9sies rom\u00e0niques, aix\u00ed com tamb\u00e9 diverses masies d\u2019inter\u00e8s arquitect\u00f2nic; la vila vella de Santa Pau, declarada conjunt hist\u00f2ric i art\u00edstic, est\u00e0 presidida per un antic <\/span><strong style=\"font-size: 1rem;\">castell<\/strong><span style=\"font-size: 1rem;\">; Montagut i Oix destaca per un castell, diverses esgl\u00e9sies d\u2019origen rom\u00e0nic i l\u2019antic <\/span><strong style=\"font-size: 1rem;\">monestir<\/strong><span style=\"font-size: 1rem;\"> de Sant Aniol d\u2019Aguja, i a les Preses hi destaca el <\/span><strong style=\"font-size: 1rem;\">parc de Pedra Tosca<\/strong><span style=\"font-size: 1rem;\">, amb tanques de paret seca de pedra volc\u00e0nica. D\u2019altra banda, Olot ofereix moltes possibilitats: l\u2019esgl\u00e9sia parroquial de Sant Esteve guarda el quadre <\/span><em style=\"font-size: 1rem;\">Crist portant la creu<\/em><span style=\"font-size: 1rem;\">, obra del Greco, i l\u2019altar del Roser, joia del <\/span><strong style=\"font-size: 1rem;\">barroc<\/strong><span style=\"font-size: 1rem;\"> catal\u00e0. Tamb\u00e9 hi ha el santuari de la Mare de D\u00e9u del Tura, el claustre del Carme d\u2019estil <\/span><strong style=\"font-size: 1rem;\">renaixentista<\/strong><span style=\"font-size: 1rem;\">, i diverses cases <\/span><strong style=\"font-size: 1rem;\">modernistes<\/strong><span style=\"font-size: 1rem;\"> de fam\u00edlies notables d\u2019Olot, que conserven mobiliaris d\u2019estil i peces de gran valor art\u00edstic. <\/span><\/p>\n<p><span style=\"font-size: 1rem;\">Altres atractius de tipus cultural s\u00f3n el Museu de la Garrotxa, ubicat a l\u2019antic hospici de la ciutat i on es dedica una especial atenci\u00f3 a les obres de la prestigiosa escola pict\u00f2rica d\u2019Olot; el <\/span><strong style=\"font-size: 1rem;\">Museu dels Volcans<\/strong><span style=\"font-size: 1rem;\">, on es recull tota la informaci\u00f3 geol\u00f2gica i ecol\u00f2gica de la zona volc\u00e0nica, i el <\/span><strong style=\"font-size: 1rem;\">Museu dels Sants<\/strong><span style=\"font-size: 1rem;\">, dedicat a la ind\u00fastria d\u2019imatgeria religiosa, on encara avui es poden admirar les mans dels mestres artesans en plena feina.<\/span><\/p>\n<p><span style=\"font-size: 1rem;\"> Cal recordar que la Garrotxa \u00e9s una terra que tradicionalment ha donat molts artesans i molt h\u00e0bils: hi ha terrissaires, esclopers, tallistes, culleraires que fan culleres i forquilles de boix, creadors de figures de pessebre, restauradors i constructors de mobles r\u00fastics i especialistes en daurats i policromies.<\/span><\/p>\n<p><img decoding=\"async\" class=\"size-medium wp-image-219\" style=\"font-size: 1rem;\" src=\"http:\/\/www.enrutagirona.cat\/wp-content\/uploads\/2018\/03\/olot-04DESCOBREIX-ART.jpg\" alt=\"Museu dels Sants, Olot\" width=\"100%\" srcset=\"https:\/\/www.enrutagirona.cat\/wp-content\/uploads\/2018\/03\/olot-04DESCOBREIX-ART.jpg 520w, https:\/\/www.enrutagirona.cat\/wp-content\/uploads\/2018\/03\/olot-04DESCOBREIX-ART-300x144.jpg 300w\" sizes=\"(max-width: 520px) 100vw, 520px\" \/><\/p>\n<p><span style=\"font-size: 1rem;\">A tota la comarca hi ha nombroses <\/span><strong style=\"font-size: 1rem;\">festes populars tradicionals<\/strong><span style=\"font-size: 1rem;\"> que poden ser una excusa ideal per apropar-s\u2019hi. A tall d\u2019exemple, a Besal\u00fa se celebra, a principis de setembre, la Fira Medieval. Tot recordant el passat hist\u00f2ric del municipi, s\u2019hi organitza un mercat medieval i es poden trobar diversos personatges caracteritzats com a l\u2019\u00e8poca: lladres, cavallers, leprosos, pidolaires, soldats, mercaders, jueus, artesans, pagesos, m\u00fasics&#8230; Tamb\u00e9 a Besal\u00fa hi ha la Fira de Forjadors i Artistes del Ferro, al mar\u00e7, i la Fira de la Ratafia, al desembre. <\/span><\/p>\n<p><span style=\"font-size: 1rem;\">A Santa Pau hi ha la Fira del Fesol al gener; a Hostalets d\u2019en Bas, se celebra al juliol el Concurs de Dalla, en qu\u00e8 els dalladors mostren la seva destresa amb aquest estri avui dia ja en des\u00fas; la Fira de l\u2019Espardenya se celebra per la Quaresma a Tortell\u00e0; a Sant Feliu de Pallerols, al maig, se celebra el Ball de Cavallets, Gegants i Mulassa; la Fira de Sant Josep \u00e9s al mar\u00e7, a Sant Jaume de Llierca, , i, a Olot, al gener se celebra la Fira del Fajol, a Batet de la Serra; al juliol se celebra una festa en qu\u00e8 es fa sonar la cornamusa o sac de gemecs; a l\u2019octubre la Fira de Sant Lluc, i al setembre la festa major o Festes del Tura. <br \/><\/span><span style=\"font-size: 1rem;\"><\/div> <\/span><\/p>\n<p><span style=\"font-size: 1rem;\">RECURSOS<br \/><\/span><span style=\"font-size: 1rem;\">La comarca limita al nord amb l\u2019Estat franc\u00e8s; a l\u2019est amb l\u2019Alt Empord\u00e0, el Pla de l\u2019Estany i el Giron\u00e8s; al sud amb la Selva i Osona, i a l\u2019oest amb el Ripoll\u00e8s i Osona. Les <\/span><strong style=\"font-size: 1rem;\">comunicacions<\/strong><span style=\"font-size: 1rem;\"> han millorat molt els darrers anys: les principals vies de comunicaci\u00f3 per carretera s\u00f3n l\u2019A-26, la C-26 eix prepirinenc Olot\u2013Ripoll, la C-37 eix de Bracons Vall d\u2019en Bas\u2013Torell\u00f3, la C-63 eix Selva\u2013Garrotxa i la C-66 eix Besal\u00fa\u2013Pla de l\u2019Estany\u2013Giron\u00e8s\u2013Empord\u00e0. <\/span><\/p>\n<p><span style=\"font-size: 1rem;\">La companyia d\u2019autobusos TEISA ofereix un servei de l\u00ednies regulars a la comarca que la connecta amb Barcelona, Vic, Figueres, Girona, l\u2019Aeroport de Girona, els Ferrocarrils de la Generalitat i les principals poblacions ve\u00efnes. <\/span><\/p>\n<p><span style=\"font-size: 1rem;\"><div id=\"rec-link-146\" class=\"sh-link rec-link sh-hide\"><a href=\"#\" onclick=\"showhide_toggle('rec', 146, '(+\/-) M\u00e9s informaci\u00f3', '(+\/-) Minimitza informaci\u00f3'); return false;\" aria-expanded=\"false\"><span id=\"rec-toggle-146\">(+\/-) M\u00e9s informaci\u00f3<\/span><\/a><\/div><div id=\"rec-content-146\" class=\"sh-content rec-content sh-hide\" style=\"display: none;\"> <\/span><img decoding=\"async\" class=\"size-medium wp-image-220\" style=\"font-size: 1rem;\" src=\"http:\/\/www.enrutagirona.cat\/wp-content\/uploads\/2018\/03\/olot-12DESCOBREIX-RECURSOS.jpg\" alt=\"Pla\u00e7a Catalunya, Olot\" width=\"100%\" srcset=\"https:\/\/www.enrutagirona.cat\/wp-content\/uploads\/2018\/03\/olot-12DESCOBREIX-RECURSOS.jpg 520w, https:\/\/www.enrutagirona.cat\/wp-content\/uploads\/2018\/03\/olot-12DESCOBREIX-RECURSOS-300x144.jpg 300w\" sizes=\"(max-width: 520px) 100vw, 520px\" \/><span style=\"font-size: 1rem;\"> Seguint aquests camins d\u2019entrada, els amants de la bona taula podran trobar a casa nostra restaurants per a tots els paladars, especialitzats en productes locals, aut\u00f2ctons i tradicionals. <\/span><\/p>\n<p><span style=\"font-size: 1rem;\">Alguns restaurants han apostat clarament per una cuina senzilla basada en productes de la terra i les receptes hist\u00f2riques, i han creat el distintiu de <\/span><strong style=\"font-size: 1rem;\">Cuina Remen\u00e7a<\/strong><span style=\"font-size: 1rem;\">; altres aposten per la innovaci\u00f3 sense perdre de vista la cuina tradicional i els productes de la terra i formen part del col\u2022lectiu de la <\/span><strong style=\"font-size: 1rem;\">Cuina Volc\u00e0nica<\/strong><span style=\"font-size: 1rem;\">. <\/span><\/p>\n<p><span style=\"font-size: 1rem;\">M\u00e9s d\u2019un ha estat premiat amb el reconeixement de les prestigioses <\/span><strong style=\"font-size: 1rem;\">Estrelles Michelin<\/strong><span style=\"font-size: 1rem;\">. La comarca tamb\u00e9 compta amb una gran diversitat de tipus d\u2019<\/span><strong style=\"font-size: 1rem;\">allotjaments<\/strong><span style=\"font-size: 1rem;\"> diferents situats en un entorn natural privilegiat: cases de turisme rural, hotels, c\u00e0mpings, apartaments, albergs, cases de col\u00f2nies&#8230; <\/span><\/p>\n<p><span style=\"font-size: 1rem;\">Podr\u00e0s venir a con\u00e8ixer com funciona l\u2019artesania del paper, com es fan els embotits, els iogurts de granja, els formatges&#8230; o podr\u00e0s venir amb el teu equip de treball a organitzar <\/span><strong style=\"font-size: 1rem;\">congressos, convencions o altres esdeveniments<\/strong><span style=\"font-size: 1rem;\">. La tranquil\u2022litat i la bellesa de l\u2019entorn seran els teus aliats per assolir amb garanties els teus objectius. <\/span><\/p>\n<p><span style=\"font-size: 1rem;\">El turisme de natura i el senderisme a la Garrotxa es poden practicar gr\u00e0cies a desenes de camins hist\u00f2rics com els que recull la xarxa de senders <\/span><strong style=\"font-size: 1rem;\">Itiner\u00e0nnia<\/strong><span style=\"font-size: 1rem;\">, que comuniquen la Garrotxa amb el Ripoll\u00e8s i l\u2019Alt Empord\u00e0. <\/span><span style=\"font-size: 1rem;\">Aquesta xarxa de senders coincideix, en part, amb alguns itineraris espec\u00edfics, tant amb els del Parc Natural de la Zona Volc\u00e0nica de la Garrotxa com amb els de l&#8217;Alta Garrotxa, que permeten descobrir alguns dels racons m\u00e9s interessants de la comarca: la <\/span><strong style=\"font-size: 1rem;\">via romana del Capsacosta<\/strong><span style=\"font-size: 1rem;\">, el <\/span><strong style=\"font-size: 1rem;\">cam\u00ed ral de Vic a Olot<\/strong><span style=\"font-size: 1rem;\">, el <\/span><strong style=\"font-size: 1rem;\">cam\u00ed de Sant Jaume<\/strong><span style=\"font-size: 1rem;\">, la <\/span><strong style=\"font-size: 1rem;\">ruta medieval del Pirineu Comtal<\/strong><span style=\"font-size: 1rem;\">, el tra\u00e7at garrotx\u00ed d<\/span><strong style=\"font-size: 1rem;\">el cam\u00ed dels Pa\u00efsos Catalans<\/strong><span style=\"font-size: 1rem;\"> i diversos <\/span><strong style=\"font-size: 1rem;\">senders de Gran Recorregut<\/strong><span style=\"font-size: 1rem;\"> GR-1 i GR-2 s\u00f3n altres propostes de visita a la Garrotxa a trav\u00e9s dels seus camins. <\/span><\/p>\n<p><span style=\"font-size: 1rem;\">Si t\u2019agrada practicar el senderisme, caminar per trobar amb cada passa nous indrets i viure noves sensacions i nous reptes, si vols redescobrir la natura en estat pur i contemplar la teva hist\u00f2ria i la del teu pa\u00eds, no pots estar en m\u00e9s bones mans. <\/span><\/p>\n<p><span style=\"font-size: 1rem;\">I si esteu buscant un espai on practicar <\/span><strong style=\"font-size: 1rem;\">cicloturisme<\/strong><span style=\"font-size: 1rem;\"> tamb\u00e9 esteu al lloc perfecte: Besal\u00fa disposa de l\u2019<\/span><strong style=\"font-size: 1rem;\">Anella Verda<\/strong><span style=\"font-size: 1rem;\">, un ampli espai de passeig vora el riu Fluvi\u00e0 que tamb\u00e9 \u00e9s practicable en bicicleta, i Olot \u00e9s un punt clau ja que \u00e9s punt de pas obligat per enlla\u00e7ar la <\/span><strong style=\"font-size: 1rem;\">via verda del Ferro<\/strong><span style=\"font-size: 1rem;\"> amb la <\/span><strong style=\"font-size: 1rem;\">via verda del Carrilet<\/strong><span style=\"font-size: 1rem;\">. L&#8217;enlla\u00e7 es pot fer a trav\u00e9s de dues rutes diferents: la primera va de Sant Joan de les Abadesses a Olot passant pel coll de Santigosa i pel coll de Coubet, aprofitant l\u2019antiga carretera Gi-521; la segona passa per Santa Ll\u00facia de Puigmal i la Vall de Bianya. <\/span><span style=\"font-size: 1rem;\">Per\u00f2 si t\u2019espanten les pujades, has de tenir en compte que, sorting d\u2019Olot, la via verda del Carrilet, t\u00e9 bona part del recorregut fins a Girona en descens. <\/span><\/p>\n<p><span style=\"font-size: 1rem;\">El m\u00f3n del cavall tamb\u00e9 troba el seu espai a la Garrotxa, i \u00e9s que, a banda de les tradicionals <\/span><strong style=\"font-size: 1rem;\">rutes a cavall<\/strong><span style=\"font-size: 1rem;\">, a la Garrotxa es poden fer moltes m\u00e9s activitats relacionades amb l\u2019equitaci\u00f3: <\/span><strong style=\"font-size: 1rem;\">passejades en burro<\/strong><span style=\"font-size: 1rem;\">, activitats educatives a cavall per a grups escolars, equiter\u00e0pia, caminades, festes amb <\/span><strong style=\"font-size: 1rem;\">ponis<\/strong><span style=\"font-size: 1rem;\"> per a nens petits guiats pels pares o rutes a cavall per a als m\u00e9s principiants. <\/span><\/p>\n<p><img decoding=\"async\" class=\"size-medium wp-image-221\" style=\"font-size: 1rem;\" src=\"http:\/\/www.enrutagirona.cat\/wp-content\/uploads\/2018\/03\/bas-14D-BAS.jpg\" alt=\"Rucs i someres, Les Preses\" width=\"100%\" srcset=\"https:\/\/www.enrutagirona.cat\/wp-content\/uploads\/2018\/03\/bas-14D-BAS.jpg 520w, https:\/\/www.enrutagirona.cat\/wp-content\/uploads\/2018\/03\/bas-14D-BAS-300x144.jpg 300w\" sizes=\"(max-width: 520px) 100vw, 520px\" \/><\/p>\n<p><span style=\"font-size: 1rem;\">Per\u00f2 si vols viure una aventura m\u00e9s tranquil\u2022la per\u00f2 tant o m\u00e9s excitant, tens la proposta de descobrir el paisatge des de l\u2019aire: un <\/span><strong style=\"font-size: 1rem;\">vol en globus<\/strong><span style=\"font-size: 1rem;\"> per la Garrotxa \u00e9s una experi\u00e8ncia \u00fanica. Pots passar un mat\u00ed observant els volcans i la fageda des del cel, amb una copa de cava a les mans i sabent que quan aterris t\u2019espera un merescut esmorzar de pag\u00e8s. <br \/><\/div> <\/span><\/p>\n<p><span style=\"font-size: 1rem;\">Qu\u00e8 esperes a venir?<\/span><\/p>\n<hr \/>\n<p>Podeu consultar tota la xarxa de transport p\u00fablic de Catalunya al web\u00a0<a href=\"http:\/\/mou-te.gencat.cat\/\" target=\"_blank\" rel=\"noreferrer noopener\">http:\/\/mou-te.gencat.cat<\/a>.<\/p>\n","protected":false},"excerpt":{"rendered":"<p>Vols con\u00e8ixer la Garrotxa? Un territori \u00fanic! GEOLOGIA I GEOGRAFIALa Garrotxa \u00e9s la comarca de muntanya m\u00e9s oriental de Catalunya i la que t\u00e9 menys al\u00e7ada mitjana. T\u00e9 un relleu que es caracteritza per la transici\u00f3 entre la muntanya i la plana i per l\u2019exist\u00e8ncia d\u2019una zona volc\u00e0nica, la qual cosa converteix aquest lloc en &hellip; <\/p>\n<p class=\"link-more\"><a href=\"https:\/\/www.enrutagirona.cat\/ca\/compromis-socioambiental\/la-garrotxa\/\" class=\"more-link\">Continua llegint <span class=\"screen-reader-text\">\u00abLa Garrotxa<br \/><iframe allow=\"autoplay; encrypted-media\" allowfullscreen=\"\" frameborder=\"0\" height=\"220\" src=\"https:\/\/www.youtube-nocookie.com\/embed\/rR_gdJWBv6w?rel=0&#038;controls=0&#038;showinfo=0&#038;start=0;end=22\"><\/iframe><FONT SIZE=1>FONT: Turisme Garrotxa<\/font>\u00bb<\/span><\/a><\/p>\n","protected":false},"author":1,"featured_media":177,"parent":120,"menu_order":7,"comment_status":"closed","ping_status":"closed","template":"","meta":{"_monsterinsights_skip_tracking":false,"_monsterinsights_sitenote_active":false,"_monsterinsights_sitenote_note":"","_monsterinsights_sitenote_category":0,"footnotes":""},"class_list":["post-146","page","type-page","status-publish","has-post-thumbnail","hentry"],"aioseo_notices":[],"_links":{"self":[{"href":"https:\/\/www.enrutagirona.cat\/ca\/wp-json\/wp\/v2\/pages\/146","targetHints":{"allow":["GET"]}}],"collection":[{"href":"https:\/\/www.enrutagirona.cat\/ca\/wp-json\/wp\/v2\/pages"}],"about":[{"href":"https:\/\/www.enrutagirona.cat\/ca\/wp-json\/wp\/v2\/types\/page"}],"author":[{"embeddable":true,"href":"https:\/\/www.enrutagirona.cat\/ca\/wp-json\/wp\/v2\/users\/1"}],"replies":[{"embeddable":true,"href":"https:\/\/www.enrutagirona.cat\/ca\/wp-json\/wp\/v2\/comments?post=146"}],"version-history":[{"count":0,"href":"https:\/\/www.enrutagirona.cat\/ca\/wp-json\/wp\/v2\/pages\/146\/revisions"}],"up":[{"embeddable":true,"href":"https:\/\/www.enrutagirona.cat\/ca\/wp-json\/wp\/v2\/pages\/120"}],"wp:featuredmedia":[{"embeddable":true,"href":"https:\/\/www.enrutagirona.cat\/ca\/wp-json\/wp\/v2\/media\/177"}],"wp:attachment":[{"href":"https:\/\/www.enrutagirona.cat\/ca\/wp-json\/wp\/v2\/media?parent=146"}],"curies":[{"name":"wp","href":"https:\/\/api.w.org\/{rel}","templated":true}]}}