{"id":122,"date":"2018-03-05T23:49:12","date_gmt":"2018-03-05T21:49:12","guid":{"rendered":"http:\/\/www.enrutagirona.cat\/?page_id=122"},"modified":"2020-06-05T13:47:49","modified_gmt":"2020-06-05T11:47:49","slug":"contacte-i-feedback","status":"publish","type":"page","link":"https:\/\/www.enrutagirona.cat\/ca\/contacte-i-feedback\/","title":{"rendered":"Contacte i <em>feedback<\/em><br><br>Seguiu-nos a les xarxes socials!!<br> <iframe src=\"https:\/\/www.facebook.com\/plugins\/page.php?href=https%3A%2F%2Fwww.facebook.com%2FEnRutaGirona%2F&#038;tabs=timeline&#038;width=300&#038;height=500&#038;small_header=false&#038;adapt_container_width=true&#038;hide_cover=false&#038;show_facepile=true&#038;appId\" width=\"340\" height=\"500\" style=\"border:none;overflow:hidden\" scrolling=\"no\" frameborder=\"0\" allowTransparency=\"true\"><\/iframe><br><hr \/>"},"content":{"rendered":"<p>Si teniu qualsevol dubte o suggeriment, podeu contactar amb nosaltres enviant el seg\u00fcent formulari: <div class=\"wpforms-container wpforms-container-full\" id=\"wpforms-767\"><form id=\"wpforms-form-767\" class=\"wpforms-validate wpforms-form\" data-formid=\"767\" method=\"post\" enctype=\"multipart\/form-data\" action=\"\/ca\/wp-json\/wp\/v2\/pages\/122\" data-token=\"07381447d28971f9a0ffb14a587ff998\" data-token-time=\"1776152964\"><noscript class=\"wpforms-error-noscript\">Activeu el JavaScript al navegador per a poder completar el formulari.<\/noscript><div class=\"wpforms-field-container\"><div id=\"wpforms-767-field_0-container\" class=\"wpforms-field wpforms-field-name\" data-field-id=\"0\"><label class=\"wpforms-field-label\" for=\"wpforms-767-field_0\">Nom <span class=\"wpforms-required-label\">*<\/span><\/label><input type=\"text\" id=\"wpforms-767-field_0\" class=\"wpforms-field-medium wpforms-field-required\" name=\"wpforms[fields][0]\" required><\/div><div id=\"wpforms-767-field_1-container\" class=\"wpforms-field wpforms-field-email\" data-field-id=\"1\"><label class=\"wpforms-field-label\" for=\"wpforms-767-field_1\">Correu electr\u00f2nic <span class=\"wpforms-required-label\">*<\/span><\/label><input type=\"email\" id=\"wpforms-767-field_1\" class=\"wpforms-field-medium wpforms-field-required\" name=\"wpforms[fields][1]\" spellcheck=\"false\" required><\/div><div id=\"wpforms-767-field_3-container\" class=\"wpforms-field wpforms-field-text\" data-field-id=\"3\"><label class=\"wpforms-field-label\" for=\"wpforms-767-field_3\">Tel\u00e8fon <span class=\"wpforms-required-label\">*<\/span><\/label><input type=\"text\" id=\"wpforms-767-field_3\" class=\"wpforms-field-medium wpforms-field-required\" name=\"wpforms[fields][3]\" required><\/div><div id=\"wpforms-767-field_7-container\" class=\"wpforms-field wpforms-field-text\" data-field-id=\"7\"><label class=\"wpforms-field-label\" for=\"wpforms-767-field_7\">Assumpte <span class=\"wpforms-required-label\">*<\/span><\/label><input type=\"text\" id=\"wpforms-767-field_7\" class=\"wpforms-field-medium wpforms-field-required\" name=\"wpforms[fields][7]\" required><\/div><div id=\"wpforms-767-field_2-container\" class=\"wpforms-field wpforms-field-textarea\" data-field-id=\"2\"><label class=\"wpforms-field-label\" for=\"wpforms-767-field_2\">Missatge <span class=\"wpforms-required-label\">*<\/span><\/label><textarea id=\"wpforms-767-field_2\" class=\"wpforms-field-medium wpforms-field-required\" name=\"wpforms[fields][2]\" required><\/textarea><\/div><div id=\"wpforms-767-field_5-container\" class=\"wpforms-field wpforms-field-checkbox\" data-field-id=\"5\"><ul id=\"wpforms-767-field_5\" class=\"wpforms-field-required\"><li class=\"choice-1 depth-1\"><input type=\"checkbox\" id=\"wpforms-767-field_5_1\" name=\"wpforms[fields][5][]\" value=\"Accepto les &lt;strong&gt;&lt;span style=&quot;color: #328232;&quot;&gt;&lt;a style=&quot;color: #328232;&quot; href=&quot;http:\/\/www.enrutagirona.cat\/nota-legal\/&quot;&gt;condicions d&#039;\u00fas i contractaci\u00f3&lt;\/a&gt;&lt;\/span&gt;&lt;\/strong&gt;.\" required ><label class=\"wpforms-field-label-inline\" for=\"wpforms-767-field_5_1\">Accepto les <strong><span style=\"color: #328232\"><a style=\"color: #328232\" href=\"http:\/\/www.enrutagirona.cat\/nota-legal\/\">condicions d'\u00fas i contractaci\u00f3<\/a><\/span><\/strong>.<\/label><\/li><\/ul><\/div><div id=\"wpforms-767-field_6-container\" class=\"wpforms-field wpforms-field-checkbox\" data-field-id=\"6\"><ul id=\"wpforms-767-field_6\"><li class=\"choice-1 depth-1\"><input type=\"checkbox\" id=\"wpforms-767-field_6_1\" name=\"wpforms[fields][6][]\" value=\"Vull rebre informaci\u00f3 sobre novetats i promocions exclusives.\"  ><label class=\"wpforms-field-label-inline\" for=\"wpforms-767-field_6_1\">Vull rebre informaci\u00f3 sobre novetats i promocions exclusives.<\/label><\/li><\/ul><\/div><\/div><!-- .wpforms-field-container --><div class=\"wpforms-field wpforms-field-hp\"><label for=\"wpforms-767-field-hp\" class=\"wpforms-field-label\">Phone<\/label><input type=\"text\" name=\"wpforms[hp]\" id=\"wpforms-767-field-hp\" class=\"wpforms-field-medium\"><\/div><div class=\"wpforms-recaptcha-container wpforms-is-recaptcha wpforms-is-recaptcha-type-v2\" ><div class=\"g-recaptcha\" data-sitekey=\"6LcTDVoUAAAAAMExRQX4JNBv2fTlkcW0rsid-jtt\"><\/div><input type=\"text\" name=\"g-recaptcha-hidden\" class=\"wpforms-recaptcha-hidden\" style=\"position:absolute!important;clip:rect(0,0,0,0)!important;height:1px!important;width:1px!important;border:0!important;overflow:hidden!important;padding:0!important;margin:0!important;\" data-rule-recaptcha=\"1\"><\/div><div class=\"wpforms-submit-container\" ><input type=\"hidden\" name=\"wpforms[id]\" value=\"767\"><input type=\"hidden\" name=\"page_title\" value=\"\"><input type=\"hidden\" name=\"page_url\" value=\"https:\/\/www.enrutagirona.cat\/ca\/wp-json\/wp\/v2\/pages\/122\"><input type=\"hidden\" name=\"url_referer\" value=\"\"><button type=\"submit\" name=\"wpforms[submit]\" id=\"wpforms-submit-767\" class=\"wpforms-submit\" data-alt-text=\"Enviant...\" data-submit-text=\"Enviar\" aria-live=\"assertive\" value=\"wpforms-submit\">Enviar<\/button><\/div><\/form><\/div>  <!-- .wpforms-container --><\/p>\n<hr \/>\n<p>Tamb\u00e9 podeu escriure&#8217;ns al correu electr\u00f2nic <strong><span style=\"color: #328232;\"><a style=\"color: #328232;\" href=\"mailto:info@enrutagirona.cat\">info@enrutagirona.cat<\/a><\/span><\/strong> o trucar-nos al <strong><span style=\"color: #328232;\"><a style=\"color: #328232;\" href=\"tel:+34656634440\">656634440<\/a><\/span><\/strong>. Si voleu, ens podeu seguir i escriure&#8217;ns a les xarxes socials!<\/p>\n<hr \/>\n<p>Podeu consultar tota la xarxa de transport p\u00fablic de Catalunya al web\u00a0<a href=\"http:\/\/mou-te.gencat.cat\/\" target=\"_blank\" rel=\"noreferrer noopener\">http:\/\/mou-te.gencat.cat<\/a>.<\/p>\n","protected":false},"excerpt":{"rendered":"<p>Si teniu qualsevol dubte o suggeriment, podeu contactar amb nosaltres enviant el seg\u00fcent formulari: Tamb\u00e9 podeu escriure&#8217;ns al correu electr\u00f2nic info@enrutagirona.cat o trucar-nos al 656634440. Si voleu, ens podeu seguir i escriure&#8217;ns a les xarxes socials! Podeu consultar tota la xarxa de transport p\u00fablic de Catalunya al web\u00a0http:\/\/mou-te.gencat.cat.<\/p>\n","protected":false},"author":1,"featured_media":163,"parent":0,"menu_order":10,"comment_status":"closed","ping_status":"closed","template":"","meta":{"_monsterinsights_skip_tracking":false,"_monsterinsights_sitenote_active":false,"_monsterinsights_sitenote_note":"","_monsterinsights_sitenote_category":0,"footnotes":""},"class_list":["post-122","page","type-page","status-publish","has-post-thumbnail","hentry"],"aioseo_notices":[],"_links":{"self":[{"href":"https:\/\/www.enrutagirona.cat\/ca\/wp-json\/wp\/v2\/pages\/122","targetHints":{"allow":["GET"]}}],"collection":[{"href":"https:\/\/www.enrutagirona.cat\/ca\/wp-json\/wp\/v2\/pages"}],"about":[{"href":"https:\/\/www.enrutagirona.cat\/ca\/wp-json\/wp\/v2\/types\/page"}],"author":[{"embeddable":true,"href":"https:\/\/www.enrutagirona.cat\/ca\/wp-json\/wp\/v2\/users\/1"}],"replies":[{"embeddable":true,"href":"https:\/\/www.enrutagirona.cat\/ca\/wp-json\/wp\/v2\/comments?post=122"}],"version-history":[{"count":0,"href":"https:\/\/www.enrutagirona.cat\/ca\/wp-json\/wp\/v2\/pages\/122\/revisions"}],"wp:featuredmedia":[{"embeddable":true,"href":"https:\/\/www.enrutagirona.cat\/ca\/wp-json\/wp\/v2\/media\/163"}],"wp:attachment":[{"href":"https:\/\/www.enrutagirona.cat\/ca\/wp-json\/wp\/v2\/media?parent=122"}],"curies":[{"name":"wp","href":"https:\/\/api.w.org\/{rel}","templated":true}]}}