{"id":120,"date":"2018-03-05T23:42:04","date_gmt":"2018-03-05T21:42:04","guid":{"rendered":"http:\/\/www.enrutagirona.cat\/?page_id=120"},"modified":"2025-03-18T17:48:53","modified_gmt":"2025-03-18T15:48:53","slug":"compromis-socioambiental","status":"publish","type":"page","link":"https:\/\/www.enrutagirona.cat\/ca\/compromis-socioambiental\/","title":{"rendered":"Comprom\u00eds socioambiental<br><br><img src=\"http:\/\/www.enrutagirona.cat\/wp-content\/uploads\/2018\/03\/Xapes-Sostenibles.gif\">"},"content":{"rendered":"<p><strong>EN RUTA GIRONA<\/strong> \u00e9s turisme actiu, responsable i de qualitat. Des del 2013 som una empresa col\u00b7laboradora del Parc Natural de la Zona Volc\u00e0nica de la Garrotxa, i incorporem en la nostra gesti\u00f3 el comprom\u00eds de millorar el territori i els valors de respecte pel medi ambient i per les persones, tal com estableix el <em>Codi de gesti\u00f3 sostenible<\/em> (CGS) de la Garrotxa i el Collsacabra.<\/p>\r\n<p>A m\u00e9s, al mateix any i fins al 2023 vam rebre l\u2019acreditaci\u00f3 de la Carta europea del turisme sostenible (CETS), un comprom\u00eds de col\u00b7laboraci\u00f3 entre l\u2019empresa i el territori que garanteix una gesti\u00f3 responsable, sostenible i de qualitat del turisme. Per mostrar i fer un seguiment de les bones pr\u00e0ctiques en la gesti\u00f3, reafirmant de passada la responsabilitat social de l\u2019empresa i l\u2019aposta per la formaci\u00f3 cont\u00ednua, publiquem peri\u00f2dicament la nostra mem\u00f2ria de sostenibilitat.<\/p>\r\n<p>Podeu consultar altres empreses acreditades amb la Carta europea del turisme sostenible (CETS) a la p\u00e0gina web del Parc Natural de la Garrotxa, clicant <a href=\"https:\/\/parcsnaturals.gencat.cat\/ca\/xarxa-de-parcs\/garrotxa\/viure-hi\/turisme-sostenible\/empreses-adherides-a-lestrategia-de-turisme-sostenible\/empreses-dactivitats\/en-ruta-girona\/\"><span style=\"color: #328232;\"><strong>aqu\u00ed<\/strong><\/span><\/a>.<\/p>\r\n<hr \/>\r\n<p>En el marc del nostre comprom\u00eds amb la societat i amb <a href=\"http:\/\/www.enrutagirona.cat\/la-garrotxa\/\"><span style=\"color: #328232;\"><strong>la Garrotxa<\/strong><\/span><\/a>, formem part del directori d&#8217;empreses RS de Catalunya (socialment responsables), i a l&#8217;hora de dissenyar un producte tenim molt en compte que aquest pugui ser apte per fer amb nens, i que pugui ser <span style=\"color: #328232;\"><strong><a style=\"color: #328232;\" href=\"http:\/\/www.enrutagirona.cat\/turisme-inclusiu-bicicletes-joelette\/\">inclusiu i accessible<\/a><\/strong><\/span> per a persones amb mobilitat redu\u00efda.<\/p>\r\n\r\n<p>&nbsp;<\/p>\r\n","protected":false},"excerpt":{"rendered":"<p>EN RUTA GIRONA \u00e9s turisme actiu, responsable i de qualitat. Des del 2013 som una empresa col\u00b7laboradora del Parc Natural de la Zona Volc\u00e0nica de la Garrotxa, i incorporem en la nostra gesti\u00f3 el comprom\u00eds de millorar el territori i els valors de respecte pel medi ambient i per les persones, tal com estableix el &hellip; <\/p>\n<p class=\"link-more\"><a href=\"https:\/\/www.enrutagirona.cat\/ca\/compromis-socioambiental\/\" class=\"more-link\">Continua llegint <span class=\"screen-reader-text\">\u00abComprom\u00eds socioambiental<\/p>\n<p><img decoding=\"async\" src=\"http:\/\/www.enrutagirona.cat\/wp-content\/uploads\/2018\/03\/Xapes-Sostenibles.gif\">\u00bb<\/span><\/a><\/p>\n","protected":false},"author":1,"featured_media":161,"parent":0,"menu_order":6,"comment_status":"closed","ping_status":"closed","template":"","meta":{"_monsterinsights_skip_tracking":false,"_monsterinsights_sitenote_active":false,"_monsterinsights_sitenote_note":"","_monsterinsights_sitenote_category":0,"footnotes":""},"class_list":["post-120","page","type-page","status-publish","has-post-thumbnail","hentry"],"aioseo_notices":[],"_links":{"self":[{"href":"https:\/\/www.enrutagirona.cat\/ca\/wp-json\/wp\/v2\/pages\/120","targetHints":{"allow":["GET"]}}],"collection":[{"href":"https:\/\/www.enrutagirona.cat\/ca\/wp-json\/wp\/v2\/pages"}],"about":[{"href":"https:\/\/www.enrutagirona.cat\/ca\/wp-json\/wp\/v2\/types\/page"}],"author":[{"embeddable":true,"href":"https:\/\/www.enrutagirona.cat\/ca\/wp-json\/wp\/v2\/users\/1"}],"replies":[{"embeddable":true,"href":"https:\/\/www.enrutagirona.cat\/ca\/wp-json\/wp\/v2\/comments?post=120"}],"version-history":[{"count":0,"href":"https:\/\/www.enrutagirona.cat\/ca\/wp-json\/wp\/v2\/pages\/120\/revisions"}],"wp:featuredmedia":[{"embeddable":true,"href":"https:\/\/www.enrutagirona.cat\/ca\/wp-json\/wp\/v2\/media\/161"}],"wp:attachment":[{"href":"https:\/\/www.enrutagirona.cat\/ca\/wp-json\/wp\/v2\/media?parent=120"}],"curies":[{"name":"wp","href":"https:\/\/api.w.org\/{rel}","templated":true}]}}