{"id":118,"date":"2018-03-05T23:24:01","date_gmt":"2018-03-05T21:24:01","guid":{"rendered":"http:\/\/www.enrutagirona.cat\/?page_id=118"},"modified":"2020-06-05T13:44:00","modified_gmt":"2020-06-05T11:44:00","slug":"assessorament-en-gestio-i-comunicacio","status":"publish","type":"page","link":"https:\/\/www.enrutagirona.cat\/ca\/els_nostres_serveis\/assessorament-en-gestio-i-comunicacio\/","title":{"rendered":"Assessorament en gesti\u00f3 i comunicaci\u00f3<br \/><iframe allow=\"autoplay; encrypted-media\" allowfullscreen=\"\" frameborder=\"0\" height=\"220\" src=\"https:\/\/www.youtube-nocookie.com\/embed\/qMX0A8BOIZE?rel=0&#038;controls=0&#038;showinfo=0&#038;start=9;end=168\"><\/iframe><FONT SIZE=1>FONT: Reunions entre volcans<\/font>"},"content":{"rendered":"<p><strong>EN RUTA GIRONA<\/strong> us ajuda a organitzar diferents tipus d&#8217;esdeveniments i a gestionar el dia a dia de la vostra organitzaci\u00f3: treballem per dinamitzar el m\u00f3n de les entitats i el turisme sostenible. La naturalesa dels nostres clients i el nostre tracte professional i proper ens han perm\u00e8s adquirir una sensibilitat i un comprom\u00eds amb les entitats professionals, l\u2019emprenedoria i les petites i mitjanes empreses familiars.<\/p>\n<ul>\n<li>Dinamitzem secretaries d&#8217;entitats: preparem juntes i assemblees, i fem un seguiment dels acords.<\/li>\n<li>Coordinem projectes i fomentem la participaci\u00f3: assessorem i analitzem la viabilitat de cada acci\u00f3.<\/li>\n<li>Cerquem informaci\u00f3 sobre tr\u00e0mits, serveis i recursos: resolem els dubtes jur\u00eddics, normatius, econ\u00f2mics, comptables, formatius i inform\u00e0tics.<\/li>\n<li>Organitzem jornades de formaci\u00f3, confer\u00e8ncies i tallers amb els millors professionals.<\/li>\n<li>Busquem l\u2019espai m\u00e9s adequat per realitzar cada activitat.<\/li>\n<li>Ajudem a tractar la identitat de cada organitzaci\u00f3 d\u2019acord amb els seus objectius i necessitats: definim una estrat\u00e8gia comunicativa i una pol\u00edtica de gesti\u00f3 a les xarxes socials.<\/li>\n<li>Impulsem el turisme sostenible i l&#8217;ecoturisme, incorporant criteris de sostenibilitat social i ambiental en les organitzacions.<\/li>\n<\/ul>\n<p><img decoding=\"async\" class=\"size-medium wp-image-216 aligncenter\" src=\"http:\/\/www.enrutagirona.cat\/wp-content\/uploads\/2018\/03\/Reuni\u00f3-Olot.jpg\" alt=\"Assemblea de socis, Olot\" \/><\/p>\n<hr \/>\n<p>Igualment, la comarca disposa d\u2019una varietat important d&#8217;espais i serveis, i us assessorarem per trobar l&#8217;activitat o espai d&#8217;inspiraci\u00f3 que millor s\u2019adapti a la vostra demanda.<\/p>\n<ul>\n<li>Formacions, reunions i retirs.<\/li>\n<li>Congressos i convencions, assemblees i juntes.<\/li>\n<li>Activitats guiades d\u2019interpretaci\u00f3 del territori.<\/li>\n<li>Lloguer de bicis o <em>segways<\/em>.<\/li>\n<li>Rutes a cavall i sortides naturalistes amb ases.<\/li>\n<li>Estades esportives.<\/li>\n<li>Rodatges.<\/li>\n<li>Visites a granges, formatgeries i artesans.<\/li>\n<li>Tallers infantils.<\/li>\n<li>Sessions d&#8217;astronomia.<\/li>\n<li>Meditaci\u00f3, ioga, concerts de bols de quars, ter\u00e0pia de polaritat, musicoter\u00e0pia, o ter\u00e0pia del riure.<\/li>\n<li>Quiromassatge conscient descontracturant i relaxant, osteopatia energ\u00e8tica, reflexoter\u00e0pia, cinesiologia, reiki, o aiurveda.<\/li>\n<li>Tallers de cuina de temporada, de tapes, d\u2019aperitius, de postres o espec\u00edfics de xocolata.<\/li>\n<li>Tallers de sabons artesanals terap\u00e8utics, ung\u00fcents medicinals, pasta de dents artesanal, tintures medicinals, cremes hidratants, b\u00e0lsams o compostatge casol\u00e0.<\/li>\n<\/ul>\n<p>Nom\u00e9s heu de\u00a0<strong><span style=\"color: #328232;\"><a style=\"color: #328232;\" href=\"http:\/\/www.enrutagirona.cat\/contacte-i-feedback\/\">contactar amb nosaltres<\/a><\/span><\/strong>\u00a0i explicar-nos qu\u00e8 necessiteu. <img decoding=\"async\" class=\"size-medium wp-image-216 aligncenter\" src=\"http:\/\/www.enrutagirona.cat\/wp-content\/uploads\/2018\/03\/taller-cuina.jpg\" alt=\"Paella a l'aire lliure, Mieres\" \/><\/p>\n<hr \/>\n<p>Podeu consultar les condicions de contractaci\u00f3 a la\u00a0<span style=\"color: #328232;\"><strong><a style=\"color: #328232;\" href=\"http:\/\/www.enrutagirona.cat\/nota-legal\/\">nota legal<\/a><\/strong><\/span>.<\/p>\n","protected":false},"excerpt":{"rendered":"<p>EN RUTA GIRONA us ajuda a organitzar diferents tipus d&#8217;esdeveniments i a gestionar el dia a dia de la vostra organitzaci\u00f3: treballem per dinamitzar el m\u00f3n de les entitats i el turisme sostenible. La naturalesa dels nostres clients i el nostre tracte professional i proper ens han perm\u00e8s adquirir una sensibilitat i un comprom\u00eds amb &hellip; <\/p>\n<p class=\"link-more\"><a href=\"https:\/\/www.enrutagirona.cat\/ca\/els_nostres_serveis\/assessorament-en-gestio-i-comunicacio\/\" class=\"more-link\">Continua llegint <span class=\"screen-reader-text\">\u00abAssessorament en gesti\u00f3 i comunicaci\u00f3<br \/><iframe allow=\"autoplay; encrypted-media\" allowfullscreen=\"\" frameborder=\"0\" height=\"220\" src=\"https:\/\/www.youtube-nocookie.com\/embed\/qMX0A8BOIZE?rel=0&#038;controls=0&#038;showinfo=0&#038;start=9;end=168\"><\/iframe><FONT SIZE=1>FONT: Reunions entre volcans<\/font>\u00bb<\/span><\/a><\/p>\n","protected":false},"author":1,"featured_media":160,"parent":70,"menu_order":5,"comment_status":"closed","ping_status":"closed","template":"","meta":{"_monsterinsights_skip_tracking":false,"_monsterinsights_sitenote_active":false,"_monsterinsights_sitenote_note":"","_monsterinsights_sitenote_category":0,"footnotes":""},"class_list":["post-118","page","type-page","status-publish","has-post-thumbnail","hentry"],"aioseo_notices":[],"_links":{"self":[{"href":"https:\/\/www.enrutagirona.cat\/ca\/wp-json\/wp\/v2\/pages\/118","targetHints":{"allow":["GET"]}}],"collection":[{"href":"https:\/\/www.enrutagirona.cat\/ca\/wp-json\/wp\/v2\/pages"}],"about":[{"href":"https:\/\/www.enrutagirona.cat\/ca\/wp-json\/wp\/v2\/types\/page"}],"author":[{"embeddable":true,"href":"https:\/\/www.enrutagirona.cat\/ca\/wp-json\/wp\/v2\/users\/1"}],"replies":[{"embeddable":true,"href":"https:\/\/www.enrutagirona.cat\/ca\/wp-json\/wp\/v2\/comments?post=118"}],"version-history":[{"count":0,"href":"https:\/\/www.enrutagirona.cat\/ca\/wp-json\/wp\/v2\/pages\/118\/revisions"}],"up":[{"embeddable":true,"href":"https:\/\/www.enrutagirona.cat\/ca\/wp-json\/wp\/v2\/pages\/70"}],"wp:featuredmedia":[{"embeddable":true,"href":"https:\/\/www.enrutagirona.cat\/ca\/wp-json\/wp\/v2\/media\/160"}],"wp:attachment":[{"href":"https:\/\/www.enrutagirona.cat\/ca\/wp-json\/wp\/v2\/media?parent=118"}],"curies":[{"name":"wp","href":"https:\/\/api.w.org\/{rel}","templated":true}]}}