{"id":1118,"date":"2020-05-24T03:58:46","date_gmt":"2020-05-24T01:58:46","guid":{"rendered":"https:\/\/www.enrutagirona.cat\/ca\/?page_id=1118"},"modified":"2020-06-29T00:34:26","modified_gmt":"2020-06-28T22:34:26","slug":"coronavirus","status":"publish","type":"page","link":"https:\/\/www.enrutagirona.cat\/ca\/coronavirus\/","title":{"rendered":"Seguretat sanit\u00e0ria: estem preparats per a rebre-us<br \/> <iframe allow=\"autoplay; encrypted-media\" allowfullscreen=\"\" frameborder=\"0\" height=\"220\" src=\"https:\/\/www.youtube-nocookie.com\/embed\/x1xvTiZpkv0?rel=0&#038;controls=0&#038;showinfo=0&#038;start=0\" width=\"560\"><\/iframe><FONT SIZE=1>FONT: Hablemos de lupus<\/font>"},"content":{"rendered":"<p>No som aliens a la crisi sanit\u00e0ria del coronavirus, i \u00e9s la nostra preocupaci\u00f3 protegir a la poblaci\u00f3 local, als nostres clients, i als nostres treballadors i col\u00b7laboradors. Per tal de fer-nos corresponsables tots plegats hem adoptat una s\u00e8rie de mesures de prevenci\u00f3 i contenci\u00f3 pel COVID-19 a la nostra activitat. Els aspectes m\u00e9s rellevants els podeu trobar resumits a continuaci\u00f3:<\/p>\n<p><img loading=\"lazy\" decoding=\"async\" class=\"size-medium wp-image-1152 alignright\" style=\"font-weight: bold; font-size: 0.8125rem;\" src=\"https:\/\/www.enrutagirona.cat\/wp-content\/uploads\/2020\/05\/cita-283x300.gif\" alt=\"Coronavirs - Cita pr\u00e8via\" width=\"120\" height=\"120\" srcset=\"https:\/\/www.enrutagirona.cat\/wp-content\/uploads\/2020\/05\/cita-150x150.gif 150w, https:\/\/www.enrutagirona.cat\/wp-content\/uploads\/2020\/05\/cita-100x100.gif 100w\" sizes=\"auto, (max-width: 120px) 100vw, 120px\" \/>&#8211;<strong>Cita pr\u00e8via<\/strong>: qualsevol petici\u00f3 d&#8217;activitat s&#8217;ha de fer per mitjans telem\u00e0tics i la formalitzaci\u00f3 d&#8217;una reserva comporta l&#8217;acceptaci\u00f3 expressa del servei amb les mesures i condicions de seguretat sanit\u00e0ria adoptades.\u00a0 Per aix\u00f2 us ensenyem abans el nostre pla de conting\u00e8ncia i us demanem la signatura d&#8217;una declaraci\u00f3 responsable.<\/p>\n<p><img loading=\"lazy\" decoding=\"async\" class=\"size-medium wp-image-1155 alignleft\" src=\"https:\/\/www.enrutagirona.cat\/wp-content\/uploads\/2020\/06\/seguretat-283x300.gif\" alt=\"Coronavirs - Mesures de seguretat\" width=\"120\" height=\"120\" \/>&#8211;<strong>Mesures de seguretat i equips de protecci\u00f3 individuals<\/strong>: abans de l&#8217;inici de l&#8217;activitat, recordem les mesures adoptades i les normes d&#8217;higiene, i expliquem com funcionar\u00e0 l&#8217;activitat. Facilitem gel hidroalcoh\u00f2lic als participants\u00a0 i, si el client no en t\u00e9 una de pr\u00f2pia, tamb\u00e9 us donem una mascareta. Tant els espais com els equips utilitzats, es netegen i desinfecten despr\u00e9s de cada sessi\u00f3 i abans d&#8217;atendre a cap altre grup. Com a norma general: no es poden compartir equips, i hem de mantenir el distanciament social de un metre i mig (o utilitzar mascaretes i guants quan aix\u00f2 no sigui possible).<\/p>\n<p><img loading=\"lazy\" decoding=\"async\" class=\"size-medium wp-image-1153 alignright\" style=\"font-weight: bold; font-size: 0.8125rem;\" src=\"https:\/\/www.enrutagirona.cat\/wp-content\/uploads\/2020\/05\/grups-283x300.gif\" alt=\"Coronavirs - Grups petits\" width=\"120\" height=\"120\" srcset=\"https:\/\/www.enrutagirona.cat\/wp-content\/uploads\/2020\/05\/grups-150x150.gif 150w, https:\/\/www.enrutagirona.cat\/wp-content\/uploads\/2020\/05\/grups-100x100.gif 100w\" sizes=\"auto, (max-width: 120px) 100vw, 120px\" \/>&#8211;<strong>Grups redu\u00efts<\/strong>: prioritzem les activitats a l&#8217;aire lliure i evitem aglomeracions. Treballem sempre amb grups redu\u00efts: a l&#8217;aire lliure m\u00e0xim vint persones per guia; a l&#8217;interior de locals l&#8217;aforament ha de garantir dos metres i mig quadrats per persona i un distanciament social d&#8217;un metre i mig. Aquesta limitaci\u00f3 d&#8217;aforaments nom\u00e9s es pot superar si el grup forma part d&#8217;una mateixa unitat de confinament. Les reunions, formacions, assembles, o similars seran d&#8217;un m\u00e0xim de vuitanta persones amb registre de participants i \u00fas de mascareta obligatori.<\/p>\n<p><img loading=\"lazy\" decoding=\"async\" class=\"size-medium wp-image-1154 alignleft\" src=\"https:\/\/www.enrutagirona.cat\/wp-content\/uploads\/2020\/05\/pla-283x300.gif\" alt=\"Coronavirs - Pla\" width=\"120\" height=\"120\" srcset=\"https:\/\/www.enrutagirona.cat\/wp-content\/uploads\/2020\/05\/pla-150x150.gif 150w, https:\/\/www.enrutagirona.cat\/wp-content\/uploads\/2020\/05\/pla-100x100.gif 100w\" sizes=\"auto, (max-width: 120px) 100vw, 120px\" \/>&#8211;<strong>Pla de conting\u00e8ncia<\/strong>: hem\u00a0 elaborat un <span style=\"color: #328232;\"><strong><a style=\"color: #328232;\" href=\"https:\/\/www.enrutagirona.cat\/wp-content\/uploads\/2020\/06\/EN-RUTA-GIRONA-Pla-de-conting\u00e8ncia-COVID-19.pdf\" target=\"_blank\" rel=\"noopener noreferrer\">pla de conting\u00e8ncia<\/a><\/strong><\/span> que analitza les activitats que us oferim i permet determinar com actuar en cas de trobar-nos un cas sospit\u00f3s d&#8217;infecci\u00f3. Aquest pla tamb\u00e9 defineix com reorganitzar els espais i els processos de les activitats per fer-ho m\u00e9s segur, i estableix com fer la neteja i desinfecci\u00f3 d&#8217;espais i equips pas a pas, nom\u00e9s amb productes autoritzats. Tamb\u00e9 marca quins registres dels punts de control fem i presenta els models de <span style=\"color: #328232;\"><strong><a style=\"color: #328232;\" href=\"https:\/\/www.enrutagirona.cat\/wp-content\/uploads\/2020\/06\/EN-RUTA-GIRONA-Declaraci\u00f3-responsable-client.pdf\" target=\"_blank\" rel=\"noopener noreferrer\">declaraci\u00f3 responsable dels clients<\/a><\/strong><\/span>, i de <span style=\"color: #328232;\"><strong><a style=\"color: #328232;\" href=\"https:\/\/www.enrutagirona.cat\/wp-content\/uploads\/2020\/06\/EN-RUTA-GIRONA-Declaraci\u00f3-responsable-altres.pdf\" target=\"_blank\" rel=\"noopener noreferrer\">declaraci\u00f3 responsable per a prove\u00efdors\/col\u00b7laboradors i visites externes<\/a><\/strong><\/span>.<\/p>\n<p>Amb tot, us volem transmetre la confian\u00e7a que venint a casa nostra us podeu sentir segurs: activitats de natura a l&#8217;aire lliure, tallers i reunions en entorns segurs i controlats, i personal preparat per atendre els vostres dubtes i necessitats.<\/p>\n<p>&nbsp;<\/p>\n<p>CERTIFICACIONS DE FORMACIONS ESPEC\u00cdFIQUES I DE COMPLIMENT NORMATIU:<\/p>\n<p><img loading=\"lazy\" decoding=\"async\" class=\"size-medium wp-image-1154 alignleft\" src=\"https:\/\/www.enrutagirona.cat\/wp-content\/uploads\/2020\/06\/Logo-certificado_AEE.jpg\" alt=\"Certificat AEE Club d'Ecoturismo de Espa\u00f1a (SOYECOTURISTA)\" width=\"100\" height=\"100\" \/> <img loading=\"lazy\" decoding=\"async\" class=\"size-medium wp-image-1154 alignleft\" src=\"https:\/\/www.enrutagirona.cat\/wp-content\/uploads\/2020\/06\/FES.jpg\" alt=\"Fundaci\u00f3 d'Estudis Superios d'Olot (FES)\" width=\"100\" height=\"100\" \/> <img loading=\"lazy\" decoding=\"async\" class=\"size-medium wp-image-1154 alignleft\" src=\"https:\/\/www.enrutagirona.cat\/wp-content\/uploads\/2020\/06\/Sigma.jpg\" alt=\"Consorci de Medi Ambient i Salut P\u00fablica (SIGMA)\" width=\"100\" height=\"100\" \/> <img loading=\"lazy\" decoding=\"async\" class=\"size-medium wp-image-1154 alignleft\" src=\"https:\/\/www.enrutagirona.cat\/wp-content\/uploads\/2020\/06\/Responsible_Tourism.jpg\" alt=\"Protocols Responsible Tourism (MICOTUR)\" width=\"100\" height=\"100\" \/><\/p>\n","protected":false},"excerpt":{"rendered":"<p>No som aliens a la crisi sanit\u00e0ria del coronavirus, i \u00e9s la nostra preocupaci\u00f3 protegir a la poblaci\u00f3 local, als nostres clients, i als nostres treballadors i col\u00b7laboradors. Per tal de fer-nos corresponsables tots plegats hem adoptat una s\u00e8rie de mesures de prevenci\u00f3 i contenci\u00f3 pel COVID-19 a la nostra activitat. Els aspectes m\u00e9s rellevants &hellip; <\/p>\n<p class=\"link-more\"><a href=\"https:\/\/www.enrutagirona.cat\/ca\/coronavirus\/\" class=\"more-link\">Continua llegint <span class=\"screen-reader-text\">\u00abSeguretat sanit\u00e0ria: estem preparats per a rebre-us<br \/> <iframe loading=\"lazy\" allow=\"autoplay; encrypted-media\" allowfullscreen=\"\" frameborder=\"0\" height=\"220\" src=\"https:\/\/www.youtube-nocookie.com\/embed\/x1xvTiZpkv0?rel=0&#038;controls=0&#038;showinfo=0&#038;start=0\" width=\"560\"><\/iframe><FONT SIZE=1>FONT: Hablemos de lupus<\/font>\u00bb<\/span><\/a><\/p>\n","protected":false},"author":1,"featured_media":1140,"parent":0,"menu_order":0,"comment_status":"closed","ping_status":"closed","template":"","meta":{"_monsterinsights_skip_tracking":false,"_monsterinsights_sitenote_active":false,"_monsterinsights_sitenote_note":"","_monsterinsights_sitenote_category":0,"footnotes":""},"class_list":["post-1118","page","type-page","status-publish","has-post-thumbnail","hentry"],"aioseo_notices":[],"_links":{"self":[{"href":"https:\/\/www.enrutagirona.cat\/ca\/wp-json\/wp\/v2\/pages\/1118","targetHints":{"allow":["GET"]}}],"collection":[{"href":"https:\/\/www.enrutagirona.cat\/ca\/wp-json\/wp\/v2\/pages"}],"about":[{"href":"https:\/\/www.enrutagirona.cat\/ca\/wp-json\/wp\/v2\/types\/page"}],"author":[{"embeddable":true,"href":"https:\/\/www.enrutagirona.cat\/ca\/wp-json\/wp\/v2\/users\/1"}],"replies":[{"embeddable":true,"href":"https:\/\/www.enrutagirona.cat\/ca\/wp-json\/wp\/v2\/comments?post=1118"}],"version-history":[{"count":0,"href":"https:\/\/www.enrutagirona.cat\/ca\/wp-json\/wp\/v2\/pages\/1118\/revisions"}],"wp:featuredmedia":[{"embeddable":true,"href":"https:\/\/www.enrutagirona.cat\/ca\/wp-json\/wp\/v2\/media\/1140"}],"wp:attachment":[{"href":"https:\/\/www.enrutagirona.cat\/ca\/wp-json\/wp\/v2\/media?parent=1118"}],"curies":[{"name":"wp","href":"https:\/\/api.w.org\/{rel}","templated":true}]}}